{"id":2749,"date":"2024-12-17T15:23:36","date_gmt":"2024-12-17T13:23:36","guid":{"rendered":"https:\/\/asayag.co.il\/?page_id=2749"},"modified":"2024-12-17T15:35:01","modified_gmt":"2024-12-17T13:35:01","slug":"notre-expertise","status":"publish","type":"page","link":"https:\/\/asayag.co.il\/?page_id=2749&lang=fr","title":{"rendered":"Notre Expertise"},"content":{"rendered":"\t\t<div data-elementor-type=\"wp-page\" data-elementor-id=\"2749\" class=\"elementor elementor-2749\" data-elementor-post-type=\"page\">\n\t\t\t\t<div class=\"elementor-element elementor-element-36a7b60 e-flex e-con-boxed e-con e-parent\" data-id=\"36a7b60\" data-element_type=\"container\" data-e-type=\"container\" data-settings=\"{&quot;background_background&quot;:&quot;classic&quot;}\">\n\t\t\t\t\t<div class=\"e-con-inner\">\n\t\t\t\t<div class=\"elementor-element elementor-element-77e4782 elementor-invisible elementor-widget elementor-widget-heading\" data-id=\"77e4782\" data-element_type=\"widget\" data-e-type=\"widget\" data-settings=\"{&quot;_animation&quot;:&quot;fadeInUp&quot;}\" data-widget_type=\"heading.default\">\n\t\t\t\t<div class=\"elementor-widget-container\">\n\t\t\t\t\t<h1 class=\"elementor-heading-title elementor-size-default\">Notre Expertise<\/h1>\t\t\t\t<\/div>\n\t\t\t\t<\/div>\n\t\t\t\t\t<\/div>\n\t\t\t\t<\/div>\n\t\t<div class=\"elementor-element elementor-element-09ea9bc e-flex e-con-boxed e-con e-parent\" data-id=\"09ea9bc\" data-element_type=\"container\" data-e-type=\"container\" id=\"entrepreneurship\">\n\t\t\t\t\t<div class=\"e-con-inner\">\n\t\t<div class=\"elementor-element elementor-element-7201a5c e-flex e-con-boxed e-con e-child\" data-id=\"7201a5c\" data-element_type=\"container\" data-e-type=\"container\" data-settings=\"{&quot;background_background&quot;:&quot;classic&quot;}\">\n\t\t\t\t\t<div class=\"e-con-inner\">\n\t\t\t\t<div class=\"elementor-element elementor-element-4af444a elementor-widget elementor-widget-heading\" data-id=\"4af444a\" data-element_type=\"widget\" data-e-type=\"widget\" data-settings=\"{&quot;_animation&quot;:&quot;none&quot;}\" data-widget_type=\"heading.default\">\n\t\t\t\t<div class=\"elementor-widget-container\">\n\t\t\t\t\t<h3 class=\"elementor-heading-title elementor-size-default\">Promotion<\/h3>\t\t\t\t<\/div>\n\t\t\t\t<\/div>\n\t\t\t\t<div class=\"elementor-element elementor-element-dc45968 elementor-widget__width-initial elementor-widget elementor-widget-text-editor\" data-id=\"dc45968\" data-element_type=\"widget\" data-e-type=\"widget\" data-settings=\"{&quot;_animation&quot;:&quot;none&quot;}\" data-widget_type=\"text-editor.default\">\n\t\t\t\t<div class=\"elementor-widget-container\">\n\t\t\t\t\t\t\t\t\t<p>Nous initions et r\u00e9alisons des projets au c\u0153ur m\u00eame de Tel-Aviv, en acqu\u00e9rant des b\u00e2timents et des terrains pour exploiter leur plein potentiel, tout en cr\u00e9ant des partenariats avec divers investisseurs et propri\u00e9taires fonciers.<br \/>L'expertise, le professionnalisme et la solidit\u00e9 financi\u00e8re du Groupe Assayag nous permettent d'initier et de mener \u00e0 bien des projets et des collaborations avec un grand succ\u00e8s.<\/p>\t\t\t\t\t\t\t\t<\/div>\n\t\t\t\t<\/div>\n\t\t\t\t\t<\/div>\n\t\t\t\t<\/div>\n\t\t<div class=\"elementor-element elementor-element-4cde4df e-con-full e-flex e-con e-child\" data-id=\"4cde4df\" data-element_type=\"container\" data-e-type=\"container\" data-settings=\"{&quot;background_background&quot;:&quot;classic&quot;}\">\n\t\t\t\t<div class=\"elementor-element elementor-element-bc8e7d9 elementor-widget elementor-widget-image-carousel\" data-id=\"bc8e7d9\" data-element_type=\"widget\" data-e-type=\"widget\" data-settings=\"{&quot;slides_to_show&quot;:&quot;1&quot;,&quot;navigation&quot;:&quot;none&quot;,&quot;effect&quot;:&quot;fade&quot;,&quot;autoplay_speed&quot;:2000,&quot;autoplay&quot;:&quot;yes&quot;,&quot;pause_on_hover&quot;:&quot;yes&quot;,&quot;infinite&quot;:&quot;yes&quot;,&quot;speed&quot;:500}\" data-widget_type=\"image-carousel.default\">\n\t\t\t\t<div class=\"elementor-widget-container\">\n\t\t\t\t\t\t\t<div class=\"elementor-image-carousel-wrapper swiper\" role=\"region\" aria-roledescription=\"carousel\" aria-label=\"\u05e7\u05e8\u05d5\u05e1\u05dc\u05ea \u05ea\u05de\u05d5\u05e0\u05d5\u05ea\" dir=\"ltr\">\n\t\t\t<div class=\"elementor-image-carousel swiper-wrapper swiper-image-stretch\" aria-live=\"off\">\n\t\t\t\t\t\t\t\t<div class=\"swiper-slide\" role=\"group\" aria-roledescription=\"slide\" aria-label=\"1 sur 3\"><figure class=\"swiper-slide-inner\"><img decoding=\"async\" class=\"swiper-slide-image\" src=\"https:\/\/asayag.co.il\/wp-content\/uploads\/2024\/05\/img-Entrepreneurship-big.webp\" alt=\"img-Entrepreneurship-big\" \/><\/figure><\/div><div class=\"swiper-slide\" role=\"group\" aria-roledescription=\"slide\" aria-label=\"2 sur 3\"><figure class=\"swiper-slide-inner\"><img decoding=\"async\" class=\"swiper-slide-image\" src=\"https:\/\/asayag.co.il\/wp-content\/uploads\/2024\/05\/img-Entrepreneurship-3.webp\" alt=\"img-Entrepreneurship-3\" \/><\/figure><\/div><div class=\"swiper-slide\" role=\"group\" aria-roledescription=\"slide\" aria-label=\"3 sur 3\"><figure class=\"swiper-slide-inner\"><img decoding=\"async\" class=\"swiper-slide-image\" src=\"https:\/\/asayag.co.il\/wp-content\/uploads\/2024\/05\/img-Entrepreneurship-2.webp\" alt=\"img-Entrepreneurship-2\" \/><\/figure><\/div>\t\t\t<\/div>\n\t\t\t\t\t\t\t\n\t\t\t\t\t\t\t\t\t<\/div>\n\t\t\t\t\t\t<\/div>\n\t\t\t\t<\/div>\n\t\t\t\t<\/div>\n\t\t\t\t\t<\/div>\n\t\t\t\t<\/div>\n\t\t<div class=\"elementor-element elementor-element-2989d12 e-flex e-con-boxed e-con e-parent\" data-id=\"2989d12\" data-element_type=\"container\" data-e-type=\"container\" id=\"Preservation\" data-settings=\"{&quot;background_background&quot;:&quot;classic&quot;}\">\n\t\t\t\t\t<div class=\"e-con-inner\">\n\t\t<div class=\"elementor-element elementor-element-35d7271 e-flex e-con-boxed e-con e-child\" data-id=\"35d7271\" data-element_type=\"container\" data-e-type=\"container\" data-settings=\"{&quot;background_background&quot;:&quot;classic&quot;}\">\n\t\t\t\t\t<div class=\"e-con-inner\">\n\t\t\t\t<div class=\"elementor-element elementor-element-b987254 elementor-widget elementor-widget-heading\" data-id=\"b987254\" data-element_type=\"widget\" data-e-type=\"widget\" data-settings=\"{&quot;_animation&quot;:&quot;none&quot;}\" data-widget_type=\"heading.default\">\n\t\t\t\t<div class=\"elementor-widget-container\">\n\t\t\t\t\t<h3 class=\"elementor-heading-title elementor-size-default\">Restauration\n<\/h3>\t\t\t\t<\/div>\n\t\t\t\t<\/div>\n\t\t\t\t<div class=\"elementor-element elementor-element-5cb1efa elementor-widget__width-initial elementor-widget elementor-widget-text-editor\" data-id=\"5cb1efa\" data-element_type=\"widget\" data-e-type=\"widget\" data-settings=\"{&quot;_animation&quot;:&quot;none&quot;}\" data-widget_type=\"text-editor.default\">\n\t\t\t\t<div class=\"elementor-widget-container\">\n\t\t\t\t\t\t\t\t\t<p>Tel-Aviv abrite de nombreux b\u00e2timents historiques \u00e0 diff\u00e9rents niveaux de pr\u00e9servation, dont la construction n\u00e9cessite une expertise approfondie et l'utilisation de m\u00e9thodes de construction complexes et sp\u00e9cialis\u00e9es.<br \/>Notre expertise dans ces b\u00e2timents se manifeste par leur restauration et leur retour \u00e0 leur \u00e9tat d'origine, conform\u00e9ment aux exigences strictes de conservation de la municipalit\u00e9 de Tel-Aviv, tout en conservant leur caract\u00e8re original et en les int\u00e9grant \u00e0 une construction neuve, fonctionnelle et de qualit\u00e9.<\/p>\t\t\t\t\t\t\t\t<\/div>\n\t\t\t\t<\/div>\n\t\t\t\t\t<\/div>\n\t\t\t\t<\/div>\n\t\t<div class=\"elementor-element elementor-element-30d865a e-con-full e-flex e-con e-child\" data-id=\"30d865a\" data-element_type=\"container\" data-e-type=\"container\" data-settings=\"{&quot;background_background&quot;:&quot;classic&quot;}\">\n\t\t\t\t<div class=\"elementor-element elementor-element-435a08a elementor-widget elementor-widget-image-carousel\" data-id=\"435a08a\" data-element_type=\"widget\" data-e-type=\"widget\" data-settings=\"{&quot;slides_to_show&quot;:&quot;1&quot;,&quot;navigation&quot;:&quot;none&quot;,&quot;effect&quot;:&quot;fade&quot;,&quot;autoplay_speed&quot;:2000,&quot;autoplay&quot;:&quot;yes&quot;,&quot;pause_on_hover&quot;:&quot;yes&quot;,&quot;infinite&quot;:&quot;yes&quot;,&quot;speed&quot;:500}\" data-widget_type=\"image-carousel.default\">\n\t\t\t\t<div class=\"elementor-widget-container\">\n\t\t\t\t\t\t\t<div class=\"elementor-image-carousel-wrapper swiper\" role=\"region\" aria-roledescription=\"carousel\" aria-label=\"\u05e7\u05e8\u05d5\u05e1\u05dc\u05ea \u05ea\u05de\u05d5\u05e0\u05d5\u05ea\" dir=\"ltr\">\n\t\t\t<div class=\"elementor-image-carousel swiper-wrapper swiper-image-stretch\" aria-live=\"off\">\n\t\t\t\t\t\t\t\t<div class=\"swiper-slide\" role=\"group\" aria-roledescription=\"slide\" aria-label=\"1 sur 4\"><figure class=\"swiper-slide-inner\"><img decoding=\"async\" class=\"swiper-slide-image\" src=\"https:\/\/asayag.co.il\/wp-content\/uploads\/2024\/05\/img-conservation-big.webp\" alt=\"img-conservation-big\" \/><\/figure><\/div><div class=\"swiper-slide\" role=\"group\" aria-roledescription=\"slide\" aria-label=\"2 sur 4\"><figure class=\"swiper-slide-inner\"><img decoding=\"async\" class=\"swiper-slide-image\" src=\"https:\/\/asayag.co.il\/wp-content\/uploads\/2024\/06\/img-conservation-new.webp\" alt=\"img-conservation--new\" \/><\/figure><\/div><div class=\"swiper-slide\" role=\"group\" aria-roledescription=\"slide\" aria-label=\"3 sur 4\"><figure class=\"swiper-slide-inner\"><img decoding=\"async\" class=\"swiper-slide-image\" src=\"https:\/\/asayag.co.il\/wp-content\/uploads\/2024\/06\/img-Conservation-stairs.png\" alt=\"img-Conservation-stairs\" \/><\/figure><\/div><div class=\"swiper-slide\" role=\"group\" aria-roledescription=\"slide\" aria-label=\"4 sur 4\"><figure class=\"swiper-slide-inner\"><img decoding=\"async\" class=\"swiper-slide-image\" src=\"https:\/\/asayag.co.il\/wp-content\/uploads\/2024\/05\/img-conservation-3.webp\" alt=\"img-conservation-3\" \/><\/figure><\/div>\t\t\t<\/div>\n\t\t\t\t\t\t\t\n\t\t\t\t\t\t\t\t\t<\/div>\n\t\t\t\t\t\t<\/div>\n\t\t\t\t<\/div>\n\t\t\t\t<\/div>\n\t\t\t\t\t<\/div>\n\t\t\t\t<\/div>\n\t\t<div class=\"elementor-element elementor-element-640980e e-flex e-con-boxed e-con e-parent\" data-id=\"640980e\" data-element_type=\"container\" data-e-type=\"container\" id=\"renewal\">\n\t\t\t\t\t<div class=\"e-con-inner\">\n\t\t<div class=\"elementor-element elementor-element-7868393 e-flex e-con-boxed e-con e-child\" data-id=\"7868393\" data-element_type=\"container\" data-e-type=\"container\" data-settings=\"{&quot;background_background&quot;:&quot;classic&quot;}\">\n\t\t\t\t\t<div class=\"e-con-inner\">\n\t\t\t\t<div class=\"elementor-element elementor-element-f78213d elementor-widget elementor-widget-heading\" data-id=\"f78213d\" data-element_type=\"widget\" data-e-type=\"widget\" data-settings=\"{&quot;_animation&quot;:&quot;none&quot;}\" data-widget_type=\"heading.default\">\n\t\t\t\t<div class=\"elementor-widget-container\">\n\t\t\t\t\t<h3 class=\"elementor-heading-title elementor-size-default\">Renouvellement Urbain<\/h3>\t\t\t\t<\/div>\n\t\t\t\t<\/div>\n\t\t\t\t<div class=\"elementor-element elementor-element-eb56cac elementor-widget__width-initial elementor-widget elementor-widget-text-editor\" data-id=\"eb56cac\" data-element_type=\"widget\" data-e-type=\"widget\" data-settings=\"{&quot;_animation&quot;:&quot;none&quot;}\" data-widget_type=\"text-editor.default\">\n\t\t\t\t<div class=\"elementor-widget-container\">\n\t\t\t\t\t\t\t\t\t<p><strong>Ces derni\u00e8res ann\u00e9es, les centres-villes anciens ont b\u00e9n\u00e9fici\u00e9 d'une nouvelle fa\u00e7ade gr\u00e2ce \u00e0 des projets de d\u00e9molition et de reconstruction, au renforcement des b\u00e2timents dans le cadre du programme TAMA 38, et bien plus encore.<\/strong><br \/>Ces processus de renouvellement urbain doivent \u00eatre men\u00e9s avec une transparence totale et une coop\u00e9ration active avec les r\u00e9sidents existants, les transformant en partenaires pour garantir le succ\u00e8s. Cela aboutit \u00e0 une exp\u00e9rience de vie s\u00e9curis\u00e9e, confortable et esth\u00e9tique dans de nouveaux b\u00e2timents conformes aux normes les plus exigeantes.<br \/>Au sein du Groupe Assayag, nous collaborons avec les repr\u00e9sentants des propri\u00e9taires et divers organismes de planification pour maximiser pleinement les droits potentiels. Nous utilisons l'exp\u00e9rience et le savoir-faire accumul\u00e9s au fil des ann\u00e9es et fournissons toutes les garanties n\u00e9cessaires pour assurer le succ\u00e8s de chaque projet de renouvellement urbain.<\/p>\t\t\t\t\t\t\t\t<\/div>\n\t\t\t\t<\/div>\n\t\t\t\t\t<\/div>\n\t\t\t\t<\/div>\n\t\t<div class=\"elementor-element elementor-element-36fa5e5 e-con-full e-flex e-con e-child\" data-id=\"36fa5e5\" data-element_type=\"container\" data-e-type=\"container\" data-settings=\"{&quot;background_background&quot;:&quot;classic&quot;}\">\n\t\t\t\t<div class=\"elementor-element elementor-element-5b100ab elementor-widget elementor-widget-image-carousel\" data-id=\"5b100ab\" data-element_type=\"widget\" data-e-type=\"widget\" data-settings=\"{&quot;slides_to_show&quot;:&quot;1&quot;,&quot;navigation&quot;:&quot;none&quot;,&quot;effect&quot;:&quot;fade&quot;,&quot;autoplay_speed&quot;:2000,&quot;autoplay&quot;:&quot;yes&quot;,&quot;pause_on_hover&quot;:&quot;yes&quot;,&quot;infinite&quot;:&quot;yes&quot;,&quot;speed&quot;:500}\" data-widget_type=\"image-carousel.default\">\n\t\t\t\t<div class=\"elementor-widget-container\">\n\t\t\t\t\t\t\t<div class=\"elementor-image-carousel-wrapper swiper\" role=\"region\" aria-roledescription=\"carousel\" aria-label=\"\u05e7\u05e8\u05d5\u05e1\u05dc\u05ea \u05ea\u05de\u05d5\u05e0\u05d5\u05ea\" dir=\"ltr\">\n\t\t\t<div class=\"elementor-image-carousel swiper-wrapper swiper-image-stretch\" aria-live=\"off\">\n\t\t\t\t\t\t\t\t<div class=\"swiper-slide\" role=\"group\" aria-roledescription=\"slide\" aria-label=\"1 sur 3\"><figure class=\"swiper-slide-inner\"><img decoding=\"async\" class=\"swiper-slide-image\" src=\"https:\/\/asayag.co.il\/wp-content\/uploads\/2024\/06\/img-urban-renewal-2-new-logo.webp\" alt=\"img-urban renewal-2-new-logo\" \/><\/figure><\/div><div class=\"swiper-slide\" role=\"group\" aria-roledescription=\"slide\" aria-label=\"2 sur 3\"><figure class=\"swiper-slide-inner\"><img decoding=\"async\" class=\"swiper-slide-image\" src=\"https:\/\/asayag.co.il\/wp-content\/uploads\/2024\/06\/image-504x674-1.jpg\" alt=\"image-504x674\" \/><\/figure><\/div><div class=\"swiper-slide\" role=\"group\" aria-roledescription=\"slide\" aria-label=\"3 sur 3\"><figure class=\"swiper-slide-inner\"><img decoding=\"async\" class=\"swiper-slide-image\" src=\"https:\/\/asayag.co.il\/wp-content\/uploads\/2024\/06\/img-urban-renewal-3.webp\" alt=\"img-urban renewal-3\" \/><\/figure><\/div>\t\t\t<\/div>\n\t\t\t\t\t\t\t\n\t\t\t\t\t\t\t\t\t<\/div>\n\t\t\t\t\t\t<\/div>\n\t\t\t\t<\/div>\n\t\t\t\t<\/div>\n\t\t\t\t\t<\/div>\n\t\t\t\t<\/div>\n\t\t\t\t<\/div>\n\t\t","protected":false},"excerpt":{"rendered":"<p>Notre Expertise Promotion Nous initions et r\u00e9alisons des projets au c\u0153ur m\u00eame de Tel-Aviv, en acqu\u00e9rant des b\u00e2timents et des terrains pour exploiter leur plein potentiel, tout en cr\u00e9ant des partenariats avec divers investisseurs et propri\u00e9taires fonciers.L'expertise, le professionnalisme et la solidit\u00e9 financi\u00e8re du Groupe Assayag nous permettent d'initier et de mener \u00e0 bien des [&hellip;]<\/p>\n","protected":false},"author":1,"featured_media":0,"parent":0,"menu_order":0,"comment_status":"closed","ping_status":"closed","template":"","meta":{"footnotes":""},"class_list":["post-2749","page","type-page","status-publish","hentry"],"yoast_head":"<!-- This site is optimized with the Yoast SEO Premium plugin v18.7 (Yoast SEO v27.0) - https:\/\/yoast.com\/product\/yoast-seo-premium-wordpress\/ -->\n<title>Notre Expertise | Assayag Promotion et Construction Ltd.<\/title>\n<meta name=\"description\" content=\"La soci\u00e9t\u00e9 Assayag Promotion et Construction Ltd r\u00e9alise des projets r\u00e9sidentiels au c\u0153ur de Tel-Aviv, avec 30 ans d&#039;exp\u00e9rience.\" \/>\n<meta name=\"robots\" content=\"index, follow, max-snippet:-1, max-image-preview:large, max-video-preview:-1\" \/>\n<link rel=\"canonical\" href=\"https:\/\/asayag.co.il\/?page_id=2749&lang=fr\" \/>\n<meta property=\"og:locale\" content=\"he_IL\" \/>\n<meta property=\"og:type\" content=\"article\" \/>\n<meta property=\"og:title\" content=\"Notre Expertise - \u05d0\u05e1\u05d9\u05d0\u05d2 \u05d9\u05d6\u05de\u05d5\u05ea \u05d5\u05d1\u05e0\u05d9\u05d9\u05d4 \u05d1\u05e2&quot;\u05de\" \/>\n<meta property=\"og:description\" content=\"Notre Expertise | \u05d0\u05e0\u05d5 \u05e7\u05d1\u05d5\u05e6\u05ea \u05d1\u05d5\u05d8\u05d9\u05e7 \u05d4\u05de\u05ea\u05de\u05d7\u05d4 \u05d1\u05e4\u05e8\u05d5\u05d9\u05e7\u05d8\u05d9\u05dd \u05dc\u05de\u05d2\u05d5\u05e8\u05d9\u05dd \u05d1\u05dc\u05d1 \u05ea\u05dc-\u05d0\u05d1\u05d9\u05d1,\u05d1\u05e2\u05dc\u05d9 \u05e0\u05d9\u05e1\u05d9\u05d5\u05df \u05e9\u05dc 30 \u05e9\u05e0\u05d4 \u05d1\u05ea\u05d7\u05d5\u05dd \u05d4\u05d9\u05d6\u05de\u05d5\u05ea \u05d5\u05d4\u05d1\u05e0\u05d9\u05d9\u05d4 | \u05d0\u05e1\u05d9\u05d0\u05d2 \u05d9\u05d6\u05de\u05d5\u05ea \u05d5\u05d1\u05e0\u05d9\u05d9\u05d4 \u05d1\u05e2&quot;\u05de\" \/>\n<meta property=\"og:url\" content=\"https:\/\/asayag.co.il\/?page_id=2749&amp;lang=fr\" \/>\n<meta property=\"og:site_name\" content=\"\u05d0\u05e1\u05d9\u05d0\u05d2 \u05d9\u05d6\u05de\u05d5\u05ea \u05d5\u05d1\u05e0\u05d9\u05d9\u05d4 \u05d1\u05e2&quot;\u05de\" \/>\n<meta property=\"article:modified_time\" content=\"2024-12-17T13:35:01+00:00\" \/>\n<meta property=\"og:image\" content=\"https:\/\/asayag.co.il\/wp-content\/uploads\/2024\/05\/img-Entrepreneurship-big.webp\" \/>\n<meta name=\"twitter:card\" content=\"summary_large_image\" \/>\n<meta name=\"twitter:label1\" content=\"\u05d6\u05de\u05df \u05e7\u05e8\u05d9\u05d0\u05d4 \u05de\u05d5\u05e2\u05e8\u05da\" \/>\n\t<meta name=\"twitter:data1\" content=\"5 \u05d3\u05e7\u05d5\u05ea\" \/>\n<script type=\"application\/ld+json\" class=\"yoast-schema-graph\">{\"@context\":\"https:\/\/schema.org\",\"@graph\":[{\"@type\":\"WebPage\",\"@id\":\"https:\/\/asayag.co.il\/?page_id=2749&lang=fr\",\"url\":\"https:\/\/asayag.co.il\/?page_id=2749&lang=fr\",\"name\":\"Notre Expertise | Assayag Promotion et Construction Ltd.\",\"isPartOf\":{\"@id\":\"https:\/\/asayag.co.il\/#website\"},\"primaryImageOfPage\":{\"@id\":\"https:\/\/asayag.co.il\/?page_id=2749&lang=fr#primaryimage\"},\"image\":{\"@id\":\"https:\/\/asayag.co.il\/?page_id=2749&lang=fr#primaryimage\"},\"thumbnailUrl\":\"https:\/\/asayag.co.il\/wp-content\/uploads\/2024\/05\/img-Entrepreneurship-big.webp\",\"datePublished\":\"2024-12-17T13:23:36+00:00\",\"dateModified\":\"2024-12-17T13:35:01+00:00\",\"description\":\"La soci\u00e9t\u00e9 Assayag Promotion et Construction Ltd r\u00e9alise des projets r\u00e9sidentiels au c\u0153ur de Tel-Aviv, avec 30 ans d'exp\u00e9rience.\",\"breadcrumb\":{\"@id\":\"https:\/\/asayag.co.il\/?page_id=2749&lang=fr#breadcrumb\"},\"inLanguage\":\"he-IL\",\"potentialAction\":[{\"@type\":\"ReadAction\",\"target\":[\"https:\/\/asayag.co.il\/?page_id=2749&lang=fr\"]}]},{\"@type\":\"ImageObject\",\"inLanguage\":\"he-IL\",\"@id\":\"https:\/\/asayag.co.il\/?page_id=2749&lang=fr#primaryimage\",\"url\":\"https:\/\/asayag.co.il\/wp-content\/uploads\/2024\/05\/img-Entrepreneurship-big.webp\",\"contentUrl\":\"https:\/\/asayag.co.il\/wp-content\/uploads\/2024\/05\/img-Entrepreneurship-big.webp\",\"width\":504,\"height\":674},{\"@type\":\"BreadcrumbList\",\"@id\":\"https:\/\/asayag.co.il\/?page_id=2749&lang=fr#breadcrumb\",\"itemListElement\":[{\"@type\":\"ListItem\",\"position\":1,\"name\":\"\u05d3\u05e3 \u05d4\u05d1\u05d9\u05ea\",\"item\":\"https:\/\/asayag.co.il\/\"},{\"@type\":\"ListItem\",\"position\":2,\"name\":\"Notre Expertise\"}]},{\"@type\":\"WebSite\",\"@id\":\"https:\/\/asayag.co.il\/#website\",\"url\":\"https:\/\/asayag.co.il\/\",\"name\":\"\u05d0\u05e1\u05d9\u05d0\u05d2 \u05d9\u05d6\u05de\u05d5\u05ea \u05d5\u05d1\u05e0\u05d9\u05d9\u05d4 \u05d1\u05e2&quot;\u05de\",\"description\":\"\u05d0\u05e1\u05d9\u05d0\u05d2 \u05d9\u05d6\u05de\u05d5\u05ea \u05d5\u05d1\u05e0\u05d9\u05d9\u05d4 \u05d1\u05e2&quot;\u05de\",\"publisher\":{\"@id\":\"https:\/\/asayag.co.il\/#organization\"},\"potentialAction\":[{\"@type\":\"SearchAction\",\"target\":{\"@type\":\"EntryPoint\",\"urlTemplate\":\"https:\/\/asayag.co.il\/?s={search_term_string}\"},\"query-input\":{\"@type\":\"PropertyValueSpecification\",\"valueRequired\":true,\"valueName\":\"search_term_string\"}}],\"inLanguage\":\"he-IL\"},{\"@type\":\"Organization\",\"@id\":\"https:\/\/asayag.co.il\/#organization\",\"name\":\"\u05d0\u05e1\u05d9\u05d0\u05d2 \u05d9\u05d6\u05de\u05d5\u05ea \u05d5\u05d1\u05e0\u05d9\u05d9\u05d4 \u05d1\u05e2\\\"\u05de\",\"url\":\"https:\/\/asayag.co.il\/\",\"logo\":{\"@type\":\"ImageObject\",\"inLanguage\":\"he-IL\",\"@id\":\"https:\/\/asayag.co.il\/#\/schema\/logo\/image\/\",\"url\":\"https:\/\/asayag.co.il\/wp-content\/uploads\/2024\/06\/Group-77.jpg\",\"contentUrl\":\"https:\/\/asayag.co.il\/wp-content\/uploads\/2024\/06\/Group-77.jpg\",\"width\":875,\"height\":975,\"caption\":\"\u05d0\u05e1\u05d9\u05d0\u05d2 \u05d9\u05d6\u05de\u05d5\u05ea \u05d5\u05d1\u05e0\u05d9\u05d9\u05d4 \u05d1\u05e2\\\"\u05de\"},\"image\":{\"@id\":\"https:\/\/asayag.co.il\/#\/schema\/logo\/image\/\"}}]}<\/script>\n<!-- \/ Yoast SEO Premium plugin. -->","yoast_head_json":{"title":"Notre Expertise | Assayag Promotion et Construction Ltd.","description":"La soci\u00e9t\u00e9 Assayag Promotion et Construction Ltd r\u00e9alise des projets r\u00e9sidentiels au c\u0153ur de Tel-Aviv, avec 30 ans d'exp\u00e9rience.","robots":{"index":"index","follow":"follow","max-snippet":"max-snippet:-1","max-image-preview":"max-image-preview:large","max-video-preview":"max-video-preview:-1"},"canonical":"https:\/\/asayag.co.il\/?page_id=2749&lang=fr","og_locale":"he_IL","og_type":"article","og_title":"Notre Expertise - \u05d0\u05e1\u05d9\u05d0\u05d2 \u05d9\u05d6\u05de\u05d5\u05ea \u05d5\u05d1\u05e0\u05d9\u05d9\u05d4 \u05d1\u05e2&quot;\u05de","og_description":"Notre Expertise | \u05d0\u05e0\u05d5 \u05e7\u05d1\u05d5\u05e6\u05ea \u05d1\u05d5\u05d8\u05d9\u05e7 \u05d4\u05de\u05ea\u05de\u05d7\u05d4 \u05d1\u05e4\u05e8\u05d5\u05d9\u05e7\u05d8\u05d9\u05dd \u05dc\u05de\u05d2\u05d5\u05e8\u05d9\u05dd \u05d1\u05dc\u05d1 \u05ea\u05dc-\u05d0\u05d1\u05d9\u05d1,\u05d1\u05e2\u05dc\u05d9 \u05e0\u05d9\u05e1\u05d9\u05d5\u05df \u05e9\u05dc 30 \u05e9\u05e0\u05d4 \u05d1\u05ea\u05d7\u05d5\u05dd \u05d4\u05d9\u05d6\u05de\u05d5\u05ea \u05d5\u05d4\u05d1\u05e0\u05d9\u05d9\u05d4 | \u05d0\u05e1\u05d9\u05d0\u05d2 \u05d9\u05d6\u05de\u05d5\u05ea \u05d5\u05d1\u05e0\u05d9\u05d9\u05d4 \u05d1\u05e2&quot;\u05de","og_url":"https:\/\/asayag.co.il\/?page_id=2749&lang=fr","og_site_name":"\u05d0\u05e1\u05d9\u05d0\u05d2 \u05d9\u05d6\u05de\u05d5\u05ea \u05d5\u05d1\u05e0\u05d9\u05d9\u05d4 \u05d1\u05e2&quot;\u05de","article_modified_time":"2024-12-17T13:35:01+00:00","og_image":[{"url":"https:\/\/asayag.co.il\/wp-content\/uploads\/2024\/05\/img-Entrepreneurship-big.webp","type":"","width":"","height":""}],"twitter_card":"summary_large_image","twitter_misc":{"\u05d6\u05de\u05df \u05e7\u05e8\u05d9\u05d0\u05d4 \u05de\u05d5\u05e2\u05e8\u05da":"5 \u05d3\u05e7\u05d5\u05ea"},"schema":{"@context":"https:\/\/schema.org","@graph":[{"@type":"WebPage","@id":"https:\/\/asayag.co.il\/?page_id=2749&lang=fr","url":"https:\/\/asayag.co.il\/?page_id=2749&lang=fr","name":"Notre Expertise | Assayag Promotion et Construction Ltd.","isPartOf":{"@id":"https:\/\/asayag.co.il\/#website"},"primaryImageOfPage":{"@id":"https:\/\/asayag.co.il\/?page_id=2749&lang=fr#primaryimage"},"image":{"@id":"https:\/\/asayag.co.il\/?page_id=2749&lang=fr#primaryimage"},"thumbnailUrl":"https:\/\/asayag.co.il\/wp-content\/uploads\/2024\/05\/img-Entrepreneurship-big.webp","datePublished":"2024-12-17T13:23:36+00:00","dateModified":"2024-12-17T13:35:01+00:00","description":"La soci\u00e9t\u00e9 Assayag Promotion et Construction Ltd r\u00e9alise des projets r\u00e9sidentiels au c\u0153ur de Tel-Aviv, avec 30 ans d'exp\u00e9rience.","breadcrumb":{"@id":"https:\/\/asayag.co.il\/?page_id=2749&lang=fr#breadcrumb"},"inLanguage":"he-IL","potentialAction":[{"@type":"ReadAction","target":["https:\/\/asayag.co.il\/?page_id=2749&lang=fr"]}]},{"@type":"ImageObject","inLanguage":"he-IL","@id":"https:\/\/asayag.co.il\/?page_id=2749&lang=fr#primaryimage","url":"https:\/\/asayag.co.il\/wp-content\/uploads\/2024\/05\/img-Entrepreneurship-big.webp","contentUrl":"https:\/\/asayag.co.il\/wp-content\/uploads\/2024\/05\/img-Entrepreneurship-big.webp","width":504,"height":674},{"@type":"BreadcrumbList","@id":"https:\/\/asayag.co.il\/?page_id=2749&lang=fr#breadcrumb","itemListElement":[{"@type":"ListItem","position":1,"name":"\u05d3\u05e3 \u05d4\u05d1\u05d9\u05ea","item":"https:\/\/asayag.co.il\/"},{"@type":"ListItem","position":2,"name":"Notre Expertise"}]},{"@type":"WebSite","@id":"https:\/\/asayag.co.il\/#website","url":"https:\/\/asayag.co.il\/","name":"\u05d0\u05e1\u05d9\u05d0\u05d2 \u05d9\u05d6\u05de\u05d5\u05ea \u05d5\u05d1\u05e0\u05d9\u05d9\u05d4 \u05d1\u05e2&quot;\u05de","description":"\u05d0\u05e1\u05d9\u05d0\u05d2 \u05d9\u05d6\u05de\u05d5\u05ea \u05d5\u05d1\u05e0\u05d9\u05d9\u05d4 \u05d1\u05e2&quot;\u05de","publisher":{"@id":"https:\/\/asayag.co.il\/#organization"},"potentialAction":[{"@type":"SearchAction","target":{"@type":"EntryPoint","urlTemplate":"https:\/\/asayag.co.il\/?s={search_term_string}"},"query-input":{"@type":"PropertyValueSpecification","valueRequired":true,"valueName":"search_term_string"}}],"inLanguage":"he-IL"},{"@type":"Organization","@id":"https:\/\/asayag.co.il\/#organization","name":"\u05d0\u05e1\u05d9\u05d0\u05d2 \u05d9\u05d6\u05de\u05d5\u05ea \u05d5\u05d1\u05e0\u05d9\u05d9\u05d4 \u05d1\u05e2\"\u05de","url":"https:\/\/asayag.co.il\/","logo":{"@type":"ImageObject","inLanguage":"he-IL","@id":"https:\/\/asayag.co.il\/#\/schema\/logo\/image\/","url":"https:\/\/asayag.co.il\/wp-content\/uploads\/2024\/06\/Group-77.jpg","contentUrl":"https:\/\/asayag.co.il\/wp-content\/uploads\/2024\/06\/Group-77.jpg","width":875,"height":975,"caption":"\u05d0\u05e1\u05d9\u05d0\u05d2 \u05d9\u05d6\u05de\u05d5\u05ea \u05d5\u05d1\u05e0\u05d9\u05d9\u05d4 \u05d1\u05e2\"\u05de"},"image":{"@id":"https:\/\/asayag.co.il\/#\/schema\/logo\/image\/"}}]}},"lang":"fr","translations":{"fr":2749,"en":2474,"he":830},"pll_sync_post":[],"_links":{"self":[{"href":"https:\/\/asayag.co.il\/index.php?rest_route=\/wp\/v2\/pages\/2749","targetHints":{"allow":["GET"]}}],"collection":[{"href":"https:\/\/asayag.co.il\/index.php?rest_route=\/wp\/v2\/pages"}],"about":[{"href":"https:\/\/asayag.co.il\/index.php?rest_route=\/wp\/v2\/types\/page"}],"author":[{"embeddable":true,"href":"https:\/\/asayag.co.il\/index.php?rest_route=\/wp\/v2\/users\/1"}],"replies":[{"embeddable":true,"href":"https:\/\/asayag.co.il\/index.php?rest_route=%2Fwp%2Fv2%2Fcomments&post=2749"}],"version-history":[{"count":19,"href":"https:\/\/asayag.co.il\/index.php?rest_route=\/wp\/v2\/pages\/2749\/revisions"}],"predecessor-version":[{"id":2769,"href":"https:\/\/asayag.co.il\/index.php?rest_route=\/wp\/v2\/pages\/2749\/revisions\/2769"}],"wp:attachment":[{"href":"https:\/\/asayag.co.il\/index.php?rest_route=%2Fwp%2Fv2%2Fmedia&parent=2749"}],"curies":[{"name":"wp","href":"https:\/\/api.w.org\/{rel}","templated":true}]}}