{"id":2812,"date":"2024-12-17T15:56:39","date_gmt":"2024-12-17T13:56:39","guid":{"rendered":"https:\/\/asayag.co.il\/?page_id=2812"},"modified":"2026-02-19T12:35:47","modified_gmt":"2026-02-19T10:35:47","slug":"contactez-nous","status":"publish","type":"page","link":"https:\/\/asayag.co.il\/?page_id=2812&lang=fr","title":{"rendered":"Contactez-nous"},"content":{"rendered":"\t\t<div data-elementor-type=\"wp-page\" data-elementor-id=\"2812\" class=\"elementor elementor-2812\" data-elementor-post-type=\"page\">\n\t\t\t\t<div class=\"elementor-element elementor-element-7a8c6cc e-flex e-con-boxed e-con e-parent\" data-id=\"7a8c6cc\" data-element_type=\"container\" data-e-type=\"container\" data-settings=\"{&quot;background_background&quot;:&quot;classic&quot;}\">\n\t\t\t\t\t<div class=\"e-con-inner\">\n\t\t<div class=\"elementor-element elementor-element-72be8e9 e-con-full e-flex e-con e-child\" data-id=\"72be8e9\" data-element_type=\"container\" data-e-type=\"container\" data-settings=\"{&quot;background_background&quot;:&quot;classic&quot;}\">\n\t\t\t\t<div class=\"elementor-element elementor-element-de2cb0e elementor-widget elementor-widget-heading\" data-id=\"de2cb0e\" data-element_type=\"widget\" data-e-type=\"widget\" data-settings=\"{&quot;_animation&quot;:&quot;none&quot;}\" data-widget_type=\"heading.default\">\n\t\t\t\t<div class=\"elementor-widget-container\">\n\t\t\t\t\t<h1 class=\"elementor-heading-title elementor-size-default\">Contactez-nous<\/h1>\t\t\t\t<\/div>\n\t\t\t\t<\/div>\n\t\t\t\t<div class=\"elementor-element elementor-element-a458300 elementor-widget__width-initial elementor-button-align-stretch elementor-widget elementor-widget-form\" data-id=\"a458300\" data-element_type=\"widget\" data-e-type=\"widget\" data-settings=\"{&quot;step_next_label&quot;:&quot;\\u05d4\\u05d1\\u05d0&quot;,&quot;step_previous_label&quot;:&quot;\\u05d4\\u05e7\\u05d5\\u05d3\\u05dd&quot;,&quot;button_width&quot;:&quot;100&quot;,&quot;step_type&quot;:&quot;number_text&quot;,&quot;step_icon_shape&quot;:&quot;circle&quot;}\" data-widget_type=\"form.default\">\n\t\t\t\t<div class=\"elementor-widget-container\">\n\t\t\t\t\t\t\t<form class=\"elementor-form\" method=\"post\" name=\"\u05d8\u05d5\u05e4\u05e1 \u05d9\u05e6\u05d9\u05e8\u05ea \u05e7\u05e9\u05e8 \u05e6\u05e8\u05e4\u05ea\u05d9\u05ea\" aria-label=\"\u05d8\u05d5\u05e4\u05e1 \u05d9\u05e6\u05d9\u05e8\u05ea \u05e7\u05e9\u05e8 \u05e6\u05e8\u05e4\u05ea\u05d9\u05ea\">\n\t\t\t<input type=\"hidden\" name=\"post_id\" value=\"2812\"\/>\n\t\t\t<input type=\"hidden\" name=\"form_id\" value=\"a458300\"\/>\n\t\t\t<input type=\"hidden\" name=\"referer_title\" value=\"Contactez-nous - Assayag Promotion et Construction Ltd.\" \/>\n\n\t\t\t\t\t\t\t<input type=\"hidden\" name=\"queried_id\" value=\"2812\"\/>\n\t\t\t\n\t\t\t<div class=\"elementor-form-fields-wrapper elementor-labels-\">\n\t\t\t\t\t\t\t\t<div class=\"elementor-field-type-text elementor-field-group elementor-column elementor-field-group-name elementor-col-50\">\n\t\t\t\t\t\t\t\t\t\t\t\t<label for=\"form-field-name\" class=\"elementor-field-label elementor-screen-only\">\n\t\t\t\t\t\t\t\tname\t\t\t\t\t\t\t<\/label>\n\t\t\t\t\t\t\t\t\t\t\t\t\t\t<input size=\"1\" type=\"text\" name=\"form_fields[name]\" id=\"form-field-name\" class=\"elementor-field elementor-size-xs  elementor-field-textual\" placeholder=\"Pr\u00e9nom\">\n\t\t\t\t\t\t\t\t\t\t\t<\/div>\n\t\t\t\t\t\t\t\t<div class=\"elementor-field-type-text elementor-field-group elementor-column elementor-field-group-field_4022608 elementor-col-50\">\n\t\t\t\t\t\t\t\t\t\t\t\t<label for=\"form-field-field_4022608\" class=\"elementor-field-label elementor-screen-only\">\n\t\t\t\t\t\t\t\tfamily\t\t\t\t\t\t\t<\/label>\n\t\t\t\t\t\t\t\t\t\t\t\t\t\t<input size=\"1\" type=\"text\" name=\"form_fields[field_4022608]\" id=\"form-field-field_4022608\" class=\"elementor-field elementor-size-xs  elementor-field-textual\" placeholder=\"Nom de famille\">\n\t\t\t\t\t\t\t\t\t\t\t<\/div>\n\t\t\t\t\t\t\t\t<div class=\"elementor-field-type-email elementor-field-group elementor-column elementor-field-group-email elementor-col-100 elementor-field-required\">\n\t\t\t\t\t\t\t\t\t\t\t\t<label for=\"form-field-email\" class=\"elementor-field-label elementor-screen-only\">\n\t\t\t\t\t\t\t\temail\t\t\t\t\t\t\t<\/label>\n\t\t\t\t\t\t\t\t\t\t\t\t\t\t<input size=\"1\" type=\"email\" name=\"form_fields[email]\" id=\"form-field-email\" class=\"elementor-field elementor-size-xs  elementor-field-textual\" placeholder=\"E-mail\" required=\"required\">\n\t\t\t\t\t\t\t\t\t\t\t<\/div>\n\t\t\t\t\t\t\t\t<div class=\"elementor-field-type-tel elementor-field-group elementor-column elementor-field-group-field_a8a9224 elementor-col-100\">\n\t\t\t\t\t\t\t\t\t\t\t\t<label for=\"form-field-field_a8a9224\" class=\"elementor-field-label elementor-screen-only\">\n\t\t\t\t\t\t\t\ttel\t\t\t\t\t\t\t<\/label>\n\t\t\t\t\t\t\t\t<input size=\"1\" type=\"tel\" name=\"form_fields[field_a8a9224]\" id=\"form-field-field_a8a9224\" class=\"elementor-field elementor-size-xs  elementor-field-textual\" placeholder=\"T\u00e9l\u00e9phone\" pattern=\"[0-9()#&amp;+*-=.]+\" title=\"Seuls les caract\u00e8res de num\u00e9ros de t\u00e9l\u00e9phone (#, -, *, etc.) sont accept\u00e9s.\">\n\n\t\t\t\t\t\t<\/div>\n\t\t\t\t\t\t\t\t<div class=\"elementor-field-type-textarea elementor-field-group elementor-column elementor-field-group-message elementor-col-100\">\n\t\t\t\t\t\t\t\t\t\t\t\t<label for=\"form-field-message\" class=\"elementor-field-label elementor-screen-only\">\n\t\t\t\t\t\t\t\tMessage\t\t\t\t\t\t\t<\/label>\n\t\t\t\t\t\t<textarea class=\"elementor-field-textual elementor-field  elementor-size-xs\" name=\"form_fields[message]\" id=\"form-field-message\" rows=\"4\" placeholder=\"Message\"><\/textarea>\t\t\t\t<\/div>\n\t\t\t\t\t\t\t\t<div class=\"elementor-field-type-text\">\n\t\t\t\t\t<input size=\"1\" type=\"text\" name=\"form_fields[field_4ff3c58]\" id=\"form-field-field_4ff3c58\" class=\"elementor-field elementor-size-xs \" style=\"display:none !important;\">\t\t\t\t<\/div>\n\t\t\t\t\t\t\t\t<div class=\"elementor-field-type-acceptance elementor-field-group elementor-column elementor-field-group-field_067fa46 elementor-col-100 elementor-field-required\">\n\t\t\t\t\t\t\t<div class=\"elementor-field-subgroup\">\n\t\t\t<span class=\"elementor-field-option\">\n\t\t\t\t<input type=\"checkbox\" name=\"form_fields[field_067fa46]\" id=\"form-field-field_067fa46\" class=\"elementor-field elementor-size-xs  elementor-acceptance-field\" required=\"required\">\n\t\t\t\t<label for=\"form-field-field_067fa46\">J\u2019accepte l\u2019utilisation de mes donn\u00e9es pour traiter ma demande et assurer le suivi, conform\u00e9ment \u00e0 la <a href=\"\/?page_id=3261&lang=fr\" style=\"color:#0035ff; text-decoration:underline;\" target=\"_blank\" rel=\"noopener\">Politique de confidentialit\u00e9<\/a>.<\/label>\t\t\t<\/span>\n\t\t<\/div>\n\t\t\t\t\t\t<\/div>\n\t\t\t\t\t\t\t\t<div class=\"elementor-field-group elementor-column elementor-field-type-submit elementor-col-100 e-form__buttons\">\n\t\t\t\t\t<button class=\"elementor-button elementor-size-sm\" type=\"submit\">\n\t\t\t\t\t\t<span class=\"elementor-button-content-wrapper\">\n\t\t\t\t\t\t\t\t\t\t\t\t\t\t\t<span class=\"elementor-button-icon\">\n\t\t\t\t\t\t\t\t\t<i aria-hidden=\"true\" class=\"xi xi-arrow-right\"><\/i>\t\t\t\t\t\t\t\t\t\t\t\t\t\t\t\t\t<\/span>\n\t\t\t\t\t\t\t\t\t\t\t\t\t\t\t\t\t\t\t\t\t\t<span class=\"elementor-button-text\">Envoyer<\/span>\n\t\t\t\t\t\t\t\t\t\t\t\t\t<\/span>\n\t\t\t\t\t<\/button>\n\t\t\t\t<\/div>\n\t\t\t<\/div>\n\t\t<\/form>\n\t\t\t\t\t\t<\/div>\n\t\t\t\t<\/div>\n\t\t\t\t<\/div>\n\t\t<div class=\"elementor-element elementor-element-67f34cd e-con-full e-flex e-con e-child\" data-id=\"67f34cd\" data-element_type=\"container\" data-e-type=\"container\" data-settings=\"{&quot;background_background&quot;:&quot;classic&quot;}\">\n\t\t<div class=\"elementor-element elementor-element-d9157bd e-con-full e-flex e-con e-child\" data-id=\"d9157bd\" data-element_type=\"container\" data-e-type=\"container\" data-settings=\"{&quot;background_background&quot;:&quot;classic&quot;}\">\n\t\t\t\t<\/div>\n\t\t\t\t<\/div>\n\t\t\t\t\t<\/div>\n\t\t\t\t<\/div>\n\t\t\t\t<\/div>\n\t\t","protected":false},"excerpt":{"rendered":"<p>Contactez-nous<\/p>\n","protected":false},"author":1,"featured_media":0,"parent":0,"menu_order":0,"comment_status":"closed","ping_status":"closed","template":"","meta":{"footnotes":""},"class_list":["post-2812","page","type-page","status-publish","hentry"],"yoast_head":"<!-- This site is optimized with the Yoast SEO Premium plugin v18.7 (Yoast SEO v27.0) - https:\/\/yoast.com\/product\/yoast-seo-premium-wordpress\/ -->\n<title>Contactez-nous - Assayag Promotion et Construction Ltd.<\/title>\n<meta name=\"description\" content=\"La soci\u00e9t\u00e9 Assayag Promotion et Construction Ltd r\u00e9alise des projets r\u00e9sidentiels au c\u0153ur de Tel-Aviv, avec 30 ans d&#039;exp\u00e9rience.\" \/>\n<meta name=\"robots\" content=\"index, follow, max-snippet:-1, max-image-preview:large, max-video-preview:-1\" \/>\n<link rel=\"canonical\" href=\"https:\/\/asayag.co.il\/?page_id=2812&lang=fr\" \/>\n<meta property=\"og:locale\" content=\"he_IL\" \/>\n<meta property=\"og:type\" content=\"article\" \/>\n<meta property=\"og:title\" content=\"Contactez-nous - Asayag Entrepreneurship and Construction Ltd.\" \/>\n<meta property=\"og:description\" content=\"Contactez-nous | We are a boutique group, specializing in housing projects at the heart of Tel Aviv | Asayag Entrepreneurship and Construction Ltd.\" \/>\n<meta property=\"og:url\" content=\"https:\/\/asayag.co.il\/?page_id=2812&amp;lang=fr\" \/>\n<meta property=\"og:site_name\" content=\"\u05d0\u05e1\u05d9\u05d0\u05d2 \u05d9\u05d6\u05de\u05d5\u05ea \u05d5\u05d1\u05e0\u05d9\u05d9\u05d4 \u05d1\u05e2&quot;\u05de\" \/>\n<meta property=\"article:modified_time\" content=\"2026-02-19T10:35:47+00:00\" \/>\n<meta property=\"og:image\" content=\"https:\/\/asayag.co.il\/wp-content\/uploads\/2024\/06\/Group-77.jpg\" \/>\n\t<meta property=\"og:image:width\" content=\"875\" \/>\n\t<meta property=\"og:image:height\" content=\"975\" \/>\n\t<meta property=\"og:image:type\" content=\"image\/jpeg\" \/>\n<meta name=\"twitter:card\" content=\"summary_large_image\" \/>\n<meta name=\"twitter:title\" content=\"Contactez-nous - \u05d0\u05e1\u05d9\u05d0\u05d2 \u05d9\u05d6\u05de\u05d5\u05ea \u05d5\u05d1\u05e0\u05d9\u05d9\u05d4 \u05d1\u05e2&quot;\u05de\" \/>\n<meta name=\"twitter:description\" content=\"Contactez-nous | \u05d0\u05e0\u05d5 \u05e7\u05d1\u05d5\u05e6\u05ea \u05d1\u05d5\u05d8\u05d9\u05e7 \u05d4\u05de\u05ea\u05de\u05d7\u05d4 \u05d1\u05e4\u05e8\u05d5\u05d9\u05e7\u05d8\u05d9\u05dd \u05dc\u05de\u05d2\u05d5\u05e8\u05d9\u05dd \u05d1\u05dc\u05d1 \u05ea\u05dc-\u05d0\u05d1\u05d9\u05d1,\u05d1\u05e2\u05dc\u05d9 \u05e0\u05d9\u05e1\u05d9\u05d5\u05df \u05e9\u05dc 30 \u05e9\u05e0\u05d4 \u05d1\u05ea\u05d7\u05d5\u05dd \u05d4\u05d9\u05d6\u05de\u05d5\u05ea \u05d5\u05d4\u05d1\u05e0\u05d9\u05d9\u05d4 | \u05d0\u05e1\u05d9\u05d0\u05d2 \u05d9\u05d6\u05de\u05d5\u05ea \u05d5\u05d1\u05e0\u05d9\u05d9\u05d4 \u05d1\u05e2&quot;\u05de\" \/>\n<meta name=\"twitter:label1\" content=\"\u05d6\u05de\u05df \u05e7\u05e8\u05d9\u05d0\u05d4 \u05de\u05d5\u05e2\u05e8\u05da\" \/>\n\t<meta name=\"twitter:data1\" content=\"\u05d3\u05e7\u05d41\" \/>\n<script type=\"application\/ld+json\" class=\"yoast-schema-graph\">{\"@context\":\"https:\/\/schema.org\",\"@graph\":[{\"@type\":\"WebPage\",\"@id\":\"https:\/\/asayag.co.il\/?page_id=2812&lang=fr\",\"url\":\"https:\/\/asayag.co.il\/?page_id=2812&lang=fr\",\"name\":\"Contactez-nous - Assayag Promotion et Construction Ltd.\",\"isPartOf\":{\"@id\":\"https:\/\/asayag.co.il\/#website\"},\"datePublished\":\"2024-12-17T13:56:39+00:00\",\"dateModified\":\"2026-02-19T10:35:47+00:00\",\"description\":\"La soci\u00e9t\u00e9 Assayag Promotion et Construction Ltd r\u00e9alise des projets r\u00e9sidentiels au c\u0153ur de Tel-Aviv, avec 30 ans d'exp\u00e9rience.\",\"breadcrumb\":{\"@id\":\"https:\/\/asayag.co.il\/?page_id=2812&lang=fr#breadcrumb\"},\"inLanguage\":\"he-IL\",\"potentialAction\":[{\"@type\":\"ReadAction\",\"target\":[\"https:\/\/asayag.co.il\/?page_id=2812&lang=fr\"]}]},{\"@type\":\"BreadcrumbList\",\"@id\":\"https:\/\/asayag.co.il\/?page_id=2812&lang=fr#breadcrumb\",\"itemListElement\":[{\"@type\":\"ListItem\",\"position\":1,\"name\":\"\u05d3\u05e3 \u05d4\u05d1\u05d9\u05ea\",\"item\":\"https:\/\/asayag.co.il\/\"},{\"@type\":\"ListItem\",\"position\":2,\"name\":\"Contactez-nous\"}]},{\"@type\":\"WebSite\",\"@id\":\"https:\/\/asayag.co.il\/#website\",\"url\":\"https:\/\/asayag.co.il\/\",\"name\":\"\u05d0\u05e1\u05d9\u05d0\u05d2 \u05d9\u05d6\u05de\u05d5\u05ea \u05d5\u05d1\u05e0\u05d9\u05d9\u05d4 \u05d1\u05e2&quot;\u05de\",\"description\":\"\u05d0\u05e1\u05d9\u05d0\u05d2 \u05d9\u05d6\u05de\u05d5\u05ea \u05d5\u05d1\u05e0\u05d9\u05d9\u05d4 \u05d1\u05e2&quot;\u05de\",\"publisher\":{\"@id\":\"https:\/\/asayag.co.il\/#organization\"},\"potentialAction\":[{\"@type\":\"SearchAction\",\"target\":{\"@type\":\"EntryPoint\",\"urlTemplate\":\"https:\/\/asayag.co.il\/?s={search_term_string}\"},\"query-input\":{\"@type\":\"PropertyValueSpecification\",\"valueRequired\":true,\"valueName\":\"search_term_string\"}}],\"inLanguage\":\"he-IL\"},{\"@type\":\"Organization\",\"@id\":\"https:\/\/asayag.co.il\/#organization\",\"name\":\"\u05d0\u05e1\u05d9\u05d0\u05d2 \u05d9\u05d6\u05de\u05d5\u05ea \u05d5\u05d1\u05e0\u05d9\u05d9\u05d4 \u05d1\u05e2\\\"\u05de\",\"url\":\"https:\/\/asayag.co.il\/\",\"logo\":{\"@type\":\"ImageObject\",\"inLanguage\":\"he-IL\",\"@id\":\"https:\/\/asayag.co.il\/#\/schema\/logo\/image\/\",\"url\":\"https:\/\/asayag.co.il\/wp-content\/uploads\/2024\/06\/Group-77.jpg\",\"contentUrl\":\"https:\/\/asayag.co.il\/wp-content\/uploads\/2024\/06\/Group-77.jpg\",\"width\":875,\"height\":975,\"caption\":\"\u05d0\u05e1\u05d9\u05d0\u05d2 \u05d9\u05d6\u05de\u05d5\u05ea \u05d5\u05d1\u05e0\u05d9\u05d9\u05d4 \u05d1\u05e2\\\"\u05de\"},\"image\":{\"@id\":\"https:\/\/asayag.co.il\/#\/schema\/logo\/image\/\"}}]}<\/script>\n<!-- \/ Yoast SEO Premium plugin. -->","yoast_head_json":{"title":"Contactez-nous - Assayag Promotion et Construction Ltd.","description":"La soci\u00e9t\u00e9 Assayag Promotion et Construction Ltd r\u00e9alise des projets r\u00e9sidentiels au c\u0153ur de Tel-Aviv, avec 30 ans d'exp\u00e9rience.","robots":{"index":"index","follow":"follow","max-snippet":"max-snippet:-1","max-image-preview":"max-image-preview:large","max-video-preview":"max-video-preview:-1"},"canonical":"https:\/\/asayag.co.il\/?page_id=2812&lang=fr","og_locale":"he_IL","og_type":"article","og_title":"Contactez-nous - Asayag Entrepreneurship and Construction Ltd.","og_description":"Contactez-nous | We are a boutique group, specializing in housing projects at the heart of Tel Aviv | Asayag Entrepreneurship and Construction Ltd.","og_url":"https:\/\/asayag.co.il\/?page_id=2812&lang=fr","og_site_name":"\u05d0\u05e1\u05d9\u05d0\u05d2 \u05d9\u05d6\u05de\u05d5\u05ea \u05d5\u05d1\u05e0\u05d9\u05d9\u05d4 \u05d1\u05e2&quot;\u05de","article_modified_time":"2026-02-19T10:35:47+00:00","og_image":[{"width":875,"height":975,"url":"https:\/\/asayag.co.il\/wp-content\/uploads\/2024\/06\/Group-77.jpg","type":"image\/jpeg"}],"twitter_card":"summary_large_image","twitter_title":"Contactez-nous - \u05d0\u05e1\u05d9\u05d0\u05d2 \u05d9\u05d6\u05de\u05d5\u05ea \u05d5\u05d1\u05e0\u05d9\u05d9\u05d4 \u05d1\u05e2&quot;\u05de","twitter_description":"Contactez-nous | \u05d0\u05e0\u05d5 \u05e7\u05d1\u05d5\u05e6\u05ea \u05d1\u05d5\u05d8\u05d9\u05e7 \u05d4\u05de\u05ea\u05de\u05d7\u05d4 \u05d1\u05e4\u05e8\u05d5\u05d9\u05e7\u05d8\u05d9\u05dd \u05dc\u05de\u05d2\u05d5\u05e8\u05d9\u05dd \u05d1\u05dc\u05d1 \u05ea\u05dc-\u05d0\u05d1\u05d9\u05d1,\u05d1\u05e2\u05dc\u05d9 \u05e0\u05d9\u05e1\u05d9\u05d5\u05df \u05e9\u05dc 30 \u05e9\u05e0\u05d4 \u05d1\u05ea\u05d7\u05d5\u05dd \u05d4\u05d9\u05d6\u05de\u05d5\u05ea \u05d5\u05d4\u05d1\u05e0\u05d9\u05d9\u05d4 | \u05d0\u05e1\u05d9\u05d0\u05d2 \u05d9\u05d6\u05de\u05d5\u05ea \u05d5\u05d1\u05e0\u05d9\u05d9\u05d4 \u05d1\u05e2&quot;\u05de","twitter_misc":{"\u05d6\u05de\u05df \u05e7\u05e8\u05d9\u05d0\u05d4 \u05de\u05d5\u05e2\u05e8\u05da":"\u05d3\u05e7\u05d41"},"schema":{"@context":"https:\/\/schema.org","@graph":[{"@type":"WebPage","@id":"https:\/\/asayag.co.il\/?page_id=2812&lang=fr","url":"https:\/\/asayag.co.il\/?page_id=2812&lang=fr","name":"Contactez-nous - Assayag Promotion et Construction Ltd.","isPartOf":{"@id":"https:\/\/asayag.co.il\/#website"},"datePublished":"2024-12-17T13:56:39+00:00","dateModified":"2026-02-19T10:35:47+00:00","description":"La soci\u00e9t\u00e9 Assayag Promotion et Construction Ltd r\u00e9alise des projets r\u00e9sidentiels au c\u0153ur de Tel-Aviv, avec 30 ans d'exp\u00e9rience.","breadcrumb":{"@id":"https:\/\/asayag.co.il\/?page_id=2812&lang=fr#breadcrumb"},"inLanguage":"he-IL","potentialAction":[{"@type":"ReadAction","target":["https:\/\/asayag.co.il\/?page_id=2812&lang=fr"]}]},{"@type":"BreadcrumbList","@id":"https:\/\/asayag.co.il\/?page_id=2812&lang=fr#breadcrumb","itemListElement":[{"@type":"ListItem","position":1,"name":"\u05d3\u05e3 \u05d4\u05d1\u05d9\u05ea","item":"https:\/\/asayag.co.il\/"},{"@type":"ListItem","position":2,"name":"Contactez-nous"}]},{"@type":"WebSite","@id":"https:\/\/asayag.co.il\/#website","url":"https:\/\/asayag.co.il\/","name":"\u05d0\u05e1\u05d9\u05d0\u05d2 \u05d9\u05d6\u05de\u05d5\u05ea \u05d5\u05d1\u05e0\u05d9\u05d9\u05d4 \u05d1\u05e2&quot;\u05de","description":"\u05d0\u05e1\u05d9\u05d0\u05d2 \u05d9\u05d6\u05de\u05d5\u05ea \u05d5\u05d1\u05e0\u05d9\u05d9\u05d4 \u05d1\u05e2&quot;\u05de","publisher":{"@id":"https:\/\/asayag.co.il\/#organization"},"potentialAction":[{"@type":"SearchAction","target":{"@type":"EntryPoint","urlTemplate":"https:\/\/asayag.co.il\/?s={search_term_string}"},"query-input":{"@type":"PropertyValueSpecification","valueRequired":true,"valueName":"search_term_string"}}],"inLanguage":"he-IL"},{"@type":"Organization","@id":"https:\/\/asayag.co.il\/#organization","name":"\u05d0\u05e1\u05d9\u05d0\u05d2 \u05d9\u05d6\u05de\u05d5\u05ea \u05d5\u05d1\u05e0\u05d9\u05d9\u05d4 \u05d1\u05e2\"\u05de","url":"https:\/\/asayag.co.il\/","logo":{"@type":"ImageObject","inLanguage":"he-IL","@id":"https:\/\/asayag.co.il\/#\/schema\/logo\/image\/","url":"https:\/\/asayag.co.il\/wp-content\/uploads\/2024\/06\/Group-77.jpg","contentUrl":"https:\/\/asayag.co.il\/wp-content\/uploads\/2024\/06\/Group-77.jpg","width":875,"height":975,"caption":"\u05d0\u05e1\u05d9\u05d0\u05d2 \u05d9\u05d6\u05de\u05d5\u05ea \u05d5\u05d1\u05e0\u05d9\u05d9\u05d4 \u05d1\u05e2\"\u05de"},"image":{"@id":"https:\/\/asayag.co.il\/#\/schema\/logo\/image\/"}}]}},"lang":"fr","translations":{"fr":2812,"en":2545,"he":156},"pll_sync_post":[],"_links":{"self":[{"href":"https:\/\/asayag.co.il\/index.php?rest_route=\/wp\/v2\/pages\/2812","targetHints":{"allow":["GET"]}}],"collection":[{"href":"https:\/\/asayag.co.il\/index.php?rest_route=\/wp\/v2\/pages"}],"about":[{"href":"https:\/\/asayag.co.il\/index.php?rest_route=\/wp\/v2\/types\/page"}],"author":[{"embeddable":true,"href":"https:\/\/asayag.co.il\/index.php?rest_route=\/wp\/v2\/users\/1"}],"replies":[{"embeddable":true,"href":"https:\/\/asayag.co.il\/index.php?rest_route=%2Fwp%2Fv2%2Fcomments&post=2812"}],"version-history":[{"count":37,"href":"https:\/\/asayag.co.il\/index.php?rest_route=\/wp\/v2\/pages\/2812\/revisions"}],"predecessor-version":[{"id":3676,"href":"https:\/\/asayag.co.il\/index.php?rest_route=\/wp\/v2\/pages\/2812\/revisions\/3676"}],"wp:attachment":[{"href":"https:\/\/asayag.co.il\/index.php?rest_route=%2Fwp%2Fv2%2Fmedia&parent=2812"}],"curies":[{"name":"wp","href":"https:\/\/api.w.org\/{rel}","templated":true}]}}