{"id":2827,"date":"2024-12-19T08:56:06","date_gmt":"2024-12-19T06:56:06","guid":{"rendered":"https:\/\/asayag.co.il\/?page_id=2827"},"modified":"2025-02-09T16:41:59","modified_gmt":"2025-02-09T14:41:59","slug":"a-propos-de-nous","status":"publish","type":"page","link":"https:\/\/asayag.co.il\/?page_id=2827&lang=fr","title":{"rendered":"\u00c0 propos de nous"},"content":{"rendered":"\t\t<div data-elementor-type=\"wp-page\" data-elementor-id=\"2827\" class=\"elementor elementor-2827\" data-elementor-post-type=\"page\">\n\t\t\t\t<div class=\"elementor-element elementor-element-ed2bd70 e-flex e-con-boxed e-con e-parent\" data-id=\"ed2bd70\" data-element_type=\"container\" data-e-type=\"container\" data-settings=\"{&quot;background_background&quot;:&quot;classic&quot;}\">\n\t\t\t\t\t<div class=\"e-con-inner\">\n\t\t<div class=\"elementor-element elementor-element-f3c9469 e-flex e-con-boxed e-con e-child\" data-id=\"f3c9469\" data-element_type=\"container\" data-e-type=\"container\" data-settings=\"{&quot;background_background&quot;:&quot;classic&quot;}\">\n\t\t\t\t\t<div class=\"e-con-inner\">\n\t\t<div class=\"elementor-element elementor-element-ec732ed e-con-full e-flex e-con e-child\" data-id=\"ec732ed\" data-element_type=\"container\" data-e-type=\"container\" data-settings=\"{&quot;background_background&quot;:&quot;classic&quot;}\">\n\t\t<div class=\"elementor-element elementor-element-d59a080 e-con-full e-flex e-con e-child\" data-id=\"d59a080\" data-element_type=\"container\" data-e-type=\"container\" data-settings=\"{&quot;background_background&quot;:&quot;classic&quot;}\">\n\t\t\t\t<div class=\"elementor-element elementor-element-d3e083d elementor-invisible elementor-widget elementor-widget-heading\" data-id=\"d3e083d\" data-element_type=\"widget\" data-e-type=\"widget\" data-settings=\"{&quot;_animation&quot;:&quot;fadeInUp&quot;}\" data-widget_type=\"heading.default\">\n\t\t\t\t<div class=\"elementor-widget-container\">\n\t\t\t\t\t<h1 class=\"elementor-heading-title elementor-size-default\">\u00c0 propos\n<\/h1>\t\t\t\t<\/div>\n\t\t\t\t<\/div>\n\t\t\t\t<div class=\"elementor-element elementor-element-0cce055 elementor-widget__width-initial elementor-widget-laptop__width-initial elementor-widget elementor-widget-text-editor\" data-id=\"0cce055\" data-element_type=\"widget\" data-e-type=\"widget\" data-settings=\"{&quot;_animation&quot;:&quot;none&quot;}\" data-widget_type=\"text-editor.default\">\n\t\t\t\t<div class=\"elementor-widget-container\">\n\t\t\t\t\t\t\t\t\t<p>Assayag Groupe<\/p>\t\t\t\t\t\t\t\t<\/div>\n\t\t\t\t<\/div>\n\t\t\t\t<\/div>\n\t\t\t\t<\/div>\n\t\t\t\t<div class=\"elementor-element elementor-element-3843b13 elementor-widget elementor-widget-image\" data-id=\"3843b13\" data-element_type=\"widget\" data-e-type=\"widget\" data-widget_type=\"image.default\">\n\t\t\t\t<div class=\"elementor-widget-container\">\n\t\t\t\t\t\t\t\t\t\t\t\t\t\t\t<img fetchpriority=\"high\" decoding=\"async\" width=\"2440\" height=\"1324\" src=\"https:\/\/asayag.co.il\/wp-content\/uploads\/2024\/05\/img-about_page.webp\" class=\"attachment-full size-full wp-image-1042\" alt=\"\" srcset=\"https:\/\/asayag.co.il\/wp-content\/uploads\/2024\/05\/img-about_page.webp 2440w, https:\/\/asayag.co.il\/wp-content\/uploads\/2024\/05\/img-about_page-300x163.webp 300w, https:\/\/asayag.co.il\/wp-content\/uploads\/2024\/05\/img-about_page-1024x556.webp 1024w, https:\/\/asayag.co.il\/wp-content\/uploads\/2024\/05\/img-about_page-768x417.webp 768w, https:\/\/asayag.co.il\/wp-content\/uploads\/2024\/05\/img-about_page-1536x833.webp 1536w, https:\/\/asayag.co.il\/wp-content\/uploads\/2024\/05\/img-about_page-2048x1111.webp 2048w\" sizes=\"(max-width: 2440px) 100vw, 2440px\" \/>\t\t\t\t\t\t\t\t\t\t\t\t\t\t\t<\/div>\n\t\t\t\t<\/div>\n\t\t\t\t\t<\/div>\n\t\t\t\t<\/div>\n\t\t\t\t\t<\/div>\n\t\t\t\t<\/div>\n\t\t<div class=\"elementor-element elementor-element-09ea9bc e-flex e-con-boxed e-con e-parent\" data-id=\"09ea9bc\" data-element_type=\"container\" data-e-type=\"container\">\n\t\t\t\t\t<div class=\"e-con-inner\">\n\t\t\t\t<div class=\"elementor-element elementor-element-4311a89 elementor-widget elementor-widget-heading\" data-id=\"4311a89\" data-element_type=\"widget\" data-e-type=\"widget\" data-settings=\"{&quot;_animation&quot;:&quot;none&quot;}\" data-widget_type=\"heading.default\">\n\t\t\t\t<div class=\"elementor-widget-container\">\n\t\t\t\t\t<h2 class=\"elementor-heading-title elementor-size-default\">\u00c0 propos de nous<\/h2>\t\t\t\t<\/div>\n\t\t\t\t<\/div>\n\t\t\t\t<div class=\"elementor-element elementor-element-ce06f52 elementor-widget__width-initial elementor-widget-laptop__width-initial elementor-widget elementor-widget-text-editor\" data-id=\"ce06f52\" data-element_type=\"widget\" data-e-type=\"widget\" data-settings=\"{&quot;_animation&quot;:&quot;none&quot;}\" data-widget_type=\"text-editor.default\">\n\t\t\t\t<div class=\"elementor-widget-container\">\n\t\t\t\t\t\t\t\t\t<p>Le Groupe Asayag, d\u00e9tenu par Eli Asayag, se sp\u00e9cialise dans les projets r\u00e9sidentiels au c\u0153ur de Tel-Aviv et poss\u00e8de 30 ans d'exp\u00e9rience dans le domaine de la promotion immobili\u00e8re et de la construction.<br \/>Notre singularit\u00e9 r\u00e9side dans notre capacit\u00e9 \u00e0 r\u00e9aliser des projets complexes, en apportant des solutions cr\u00e9atives aux d\u00e9fis uniques de la construction urbaine au centre de Tel-Aviv:<br \/>construction \u00e0 proximit\u00e9 de la mer, gestion des nappes phr\u00e9atiques, construction sur des terrains \u00e9troits et complexes, solutions de parking souterrain, suspension de b\u00e2timents, ainsi que la restauration et la pr\u00e9servation de structures historiques et contextuelles.<\/p>\t\t\t\t\t\t\t\t<\/div>\n\t\t\t\t<\/div>\n\t\t\t\t\t<\/div>\n\t\t\t\t<\/div>\n\t\t<div class=\"elementor-element elementor-element-13c9348 e-flex e-con-boxed e-con e-parent\" data-id=\"13c9348\" data-element_type=\"container\" data-e-type=\"container\" id=\"value\" data-settings=\"{&quot;background_background&quot;:&quot;gradient&quot;}\">\n\t\t\t\t\t<div class=\"e-con-inner\">\n\t\t\t\t<div class=\"elementor-element elementor-element-50b935e elementor-widget elementor-widget-heading\" data-id=\"50b935e\" data-element_type=\"widget\" data-e-type=\"widget\" data-settings=\"{&quot;_animation&quot;:&quot;none&quot;}\" data-widget_type=\"heading.default\">\n\t\t\t\t<div class=\"elementor-widget-container\">\n\t\t\t\t\t<h2 class=\"elementor-heading-title elementor-size-default\">Nos valeurs<\/h2>\t\t\t\t<\/div>\n\t\t\t\t<\/div>\n\t\t<div class=\"elementor-element elementor-element-e1f1454 e-grid e-con-boxed e-con e-child\" data-id=\"e1f1454\" data-element_type=\"container\" data-e-type=\"container\">\n\t\t\t\t\t<div class=\"e-con-inner\">\n\t\t<div class=\"elementor-element elementor-element-0e5e1b7 e-flex e-con-boxed e-con e-child\" data-id=\"0e5e1b7\" data-element_type=\"container\" data-e-type=\"container\">\n\t\t\t\t\t<div class=\"e-con-inner\">\n\t\t<div class=\"elementor-element elementor-element-28ed878 e-con-full e-flex e-con e-child\" data-id=\"28ed878\" data-element_type=\"container\" data-e-type=\"container\">\n\t\t\t\t<div class=\"elementor-element elementor-element-70ec8aa elementor-widget elementor-widget-image\" data-id=\"70ec8aa\" data-element_type=\"widget\" data-e-type=\"widget\" data-widget_type=\"image.default\">\n\t\t\t\t<div class=\"elementor-widget-container\">\n\t\t\t\t\t\t\t\t\t\t\t\t\t\t\t<img decoding=\"async\" width=\"624\" height=\"926\" src=\"https:\/\/asayag.co.il\/wp-content\/uploads\/2024\/05\/value-halev.webp\" class=\"attachment-full size-full wp-image-1220\" alt=\"\" srcset=\"https:\/\/asayag.co.il\/wp-content\/uploads\/2024\/05\/value-halev.webp 624w, https:\/\/asayag.co.il\/wp-content\/uploads\/2024\/05\/value-halev-202x300.webp 202w\" sizes=\"(max-width: 624px) 100vw, 624px\" \/>\t\t\t\t\t\t\t\t\t\t\t\t\t\t\t<\/div>\n\t\t\t\t<\/div>\n\t\t\t\t<div class=\"elementor-element elementor-element-08be54a elementor-widget elementor-widget-heading\" data-id=\"08be54a\" data-element_type=\"widget\" data-e-type=\"widget\" data-settings=\"{&quot;_animation&quot;:&quot;none&quot;}\" data-widget_type=\"heading.default\">\n\t\t\t\t<div class=\"elementor-widget-container\">\n\t\t\t\t\t<h3 class=\"elementor-heading-title elementor-size-default\">Construire avec tout notre c\u0153ur<\/h3>\t\t\t\t<\/div>\n\t\t\t\t<\/div>\n\t\t\t\t<div class=\"elementor-element elementor-element-20e23e8 elementor-widget elementor-widget-text-editor\" data-id=\"20e23e8\" data-element_type=\"widget\" data-e-type=\"widget\" data-settings=\"{&quot;_animation&quot;:&quot;none&quot;}\" data-widget_type=\"text-editor.default\">\n\t\t\t\t<div class=\"elementor-widget-container\">\n\t\t\t\t\t\t\t\t\t<p>Au c\u0153ur de nos valeurs r\u00e9side la conviction qu'une construction de haute qualit\u00e9, avec une attention m\u00e9ticuleuse \u00e0 chaque d\u00e9tail tout au long des \u00e9tapes de construction, aboutit au meilleur r\u00e9sultat final. Cela offre \u00e0 nos clients la tranquillit\u00e9 et le plaisir maximal de leur logement pendant de nombreuses ann\u00e9es.<br \/>La confiance que nos clients nous accordent au fil des ann\u00e9es est le fruit d'une construction de qualit\u00e9.<\/p>\t\t\t\t\t\t\t\t<\/div>\n\t\t\t\t<\/div>\n\t\t\t\t<\/div>\n\t\t\t\t\t<\/div>\n\t\t\t\t<\/div>\n\t\t<div class=\"elementor-element elementor-element-527255c e-flex e-con-boxed e-con e-child\" data-id=\"527255c\" data-element_type=\"container\" data-e-type=\"container\">\n\t\t\t\t\t<div class=\"e-con-inner\">\n\t\t<div class=\"elementor-element elementor-element-ccf0c24 e-con-full e-flex e-con e-child\" data-id=\"ccf0c24\" data-element_type=\"container\" data-e-type=\"container\">\n\t\t\t\t<div class=\"elementor-element elementor-element-442f85b elementor-widget elementor-widget-image\" data-id=\"442f85b\" data-element_type=\"widget\" data-e-type=\"widget\" data-widget_type=\"image.default\">\n\t\t\t\t<div class=\"elementor-widget-container\">\n\t\t\t\t\t\t\t\t\t\t\t\t\t\t\t<img decoding=\"async\" width=\"624\" height=\"926\" src=\"https:\/\/asayag.co.il\/wp-content\/uploads\/2024\/06\/value-halev-new.webp\" class=\"attachment-full size-full wp-image-1994\" alt=\"\" srcset=\"https:\/\/asayag.co.il\/wp-content\/uploads\/2024\/06\/value-halev-new.webp 624w, https:\/\/asayag.co.il\/wp-content\/uploads\/2024\/06\/value-halev-new-202x300.webp 202w\" sizes=\"(max-width: 624px) 100vw, 624px\" \/>\t\t\t\t\t\t\t\t\t\t\t\t\t\t\t<\/div>\n\t\t\t\t<\/div>\n\t\t\t\t<div class=\"elementor-element elementor-element-ff5a3ce elementor-widget elementor-widget-heading\" data-id=\"ff5a3ce\" data-element_type=\"widget\" data-e-type=\"widget\" data-settings=\"{&quot;_animation&quot;:&quot;none&quot;}\" data-widget_type=\"heading.default\">\n\t\t\t\t<div class=\"elementor-widget-container\">\n\t\t\t\t\t<h3 class=\"elementor-heading-title elementor-size-default\">Construction Professionnelle<\/h3>\t\t\t\t<\/div>\n\t\t\t\t<\/div>\n\t\t\t\t<div class=\"elementor-element elementor-element-6bbc1f0 elementor-widget elementor-widget-text-editor\" data-id=\"6bbc1f0\" data-element_type=\"widget\" data-e-type=\"widget\" data-settings=\"{&quot;_animation&quot;:&quot;none&quot;}\" data-widget_type=\"text-editor.default\">\n\t\t\t\t<div class=\"elementor-widget-container\">\n\t\t\t\t\t\t\t\t\t<p>Le Groupe Assayag construit selon des standards \u00e9lev\u00e9s, en veillant \u00e0 chaque d\u00e9tail depuis la phase de planification jusqu'\u00e0 l'ach\u00e8vement du b\u00e2timent et la remise des cl\u00e9s aux acheteurs.<br \/>Notre savoir-faire, notre exp\u00e9rience et notre professionnalisme accumul\u00e9s au fil des ann\u00e9es cr\u00e9ent une fiabilit\u00e9 pour les acheteurs qui investissent dans leur futur logement.<\/p>\t\t\t\t\t\t\t\t<\/div>\n\t\t\t\t<\/div>\n\t\t\t\t<\/div>\n\t\t\t\t\t<\/div>\n\t\t\t\t<\/div>\n\t\t<div class=\"elementor-element elementor-element-1b6a060 e-flex e-con-boxed e-con e-child\" data-id=\"1b6a060\" data-element_type=\"container\" data-e-type=\"container\">\n\t\t\t\t\t<div class=\"e-con-inner\">\n\t\t<div class=\"elementor-element elementor-element-dd07344 e-con-full e-flex e-con e-child\" data-id=\"dd07344\" data-element_type=\"container\" data-e-type=\"container\">\n\t\t\t\t<div class=\"elementor-element elementor-element-cdb6dc1 elementor-widget elementor-widget-image\" data-id=\"cdb6dc1\" data-element_type=\"widget\" data-e-type=\"widget\" data-widget_type=\"image.default\">\n\t\t\t\t<div class=\"elementor-widget-container\">\n\t\t\t\t\t\t\t\t\t\t\t\t\t\t\t<img loading=\"lazy\" decoding=\"async\" width=\"1248\" height=\"1852\" src=\"https:\/\/asayag.co.il\/wp-content\/uploads\/2024\/05\/helmet-logo.webp\" class=\"attachment-full size-full wp-image-1225\" alt=\"\" srcset=\"https:\/\/asayag.co.il\/wp-content\/uploads\/2024\/05\/helmet-logo.webp 1248w, https:\/\/asayag.co.il\/wp-content\/uploads\/2024\/05\/helmet-logo-202x300.webp 202w, https:\/\/asayag.co.il\/wp-content\/uploads\/2024\/05\/helmet-logo-690x1024.webp 690w, https:\/\/asayag.co.il\/wp-content\/uploads\/2024\/05\/helmet-logo-768x1140.webp 768w, https:\/\/asayag.co.il\/wp-content\/uploads\/2024\/05\/helmet-logo-1035x1536.webp 1035w\" sizes=\"(max-width: 1248px) 100vw, 1248px\" \/>\t\t\t\t\t\t\t\t\t\t\t\t\t\t\t<\/div>\n\t\t\t\t<\/div>\n\t\t\t\t<div class=\"elementor-element elementor-element-de1e039 elementor-widget elementor-widget-heading\" data-id=\"de1e039\" data-element_type=\"widget\" data-e-type=\"widget\" data-settings=\"{&quot;_animation&quot;:&quot;none&quot;}\" data-widget_type=\"heading.default\">\n\t\t\t\t<div class=\"elementor-widget-container\">\n\t\t\t\t\t<h3 class=\"elementor-heading-title elementor-size-default\">Construction de Qualit\u00e9<\/h3>\t\t\t\t<\/div>\n\t\t\t\t<\/div>\n\t\t\t\t<div class=\"elementor-element elementor-element-ae8511b elementor-widget elementor-widget-text-editor\" data-id=\"ae8511b\" data-element_type=\"widget\" data-e-type=\"widget\" data-settings=\"{&quot;_animation&quot;:&quot;none&quot;}\" data-widget_type=\"text-editor.default\">\n\t\t\t\t<div class=\"elementor-widget-container\">\n\t\t\t\t\t\t\t\t\t<p>Le Groupe Assayag s'engage \u00e0 offrir une construction de qualit\u00e9 sur tous ses projets, en collaborant avec des artisans fiables, en utilisant des mat\u00e9riaux de haute qualit\u00e9, en respectant les d\u00e9lais, en travaillant en toute transparence avec les acheteurs et en offrant un service chaleureux et attentif.<\/p>\t\t\t\t\t\t\t\t<\/div>\n\t\t\t\t<\/div>\n\t\t\t\t<\/div>\n\t\t\t\t\t<\/div>\n\t\t\t\t<\/div>\n\t\t\t\t\t<\/div>\n\t\t\t\t<\/div>\n\t\t\t\t\t<\/div>\n\t\t\t\t<\/div>\n\t\t\t\t<\/div>\n\t\t","protected":false},"excerpt":{"rendered":"<p>\u00c0 propos Assayag Groupe \u00c0 propos de nous Le Groupe Asayag, d\u00e9tenu par Eli Asayag, se sp\u00e9cialise dans les projets r\u00e9sidentiels au c\u0153ur de Tel-Aviv et poss\u00e8de 30 ans d'exp\u00e9rience dans le domaine de la promotion immobili\u00e8re et de la construction.Notre singularit\u00e9 r\u00e9side dans notre capacit\u00e9 \u00e0 r\u00e9aliser des projets complexes, en apportant des solutions [&hellip;]<\/p>\n","protected":false},"author":1,"featured_media":0,"parent":0,"menu_order":0,"comment_status":"closed","ping_status":"closed","template":"","meta":{"footnotes":""},"class_list":["post-2827","page","type-page","status-publish","hentry"],"yoast_head":"<!-- This site is optimized with the Yoast SEO Premium plugin v18.7 (Yoast SEO v27.0) - https:\/\/yoast.com\/product\/yoast-seo-premium-wordpress\/ -->\n<title>\u00c0 propos de nous | Assayag Promotion et Construction Ltd.<\/title>\n<meta name=\"description\" content=\"La soci\u00e9t\u00e9 Assayag Promotion et Construction Ltd r\u00e9alise des projets r\u00e9sidentiels au c\u0153ur de Tel-Aviv, avec 30 ans d&#039;exp\u00e9rience.\" \/>\n<meta name=\"robots\" content=\"index, follow, max-snippet:-1, max-image-preview:large, max-video-preview:-1\" \/>\n<link rel=\"canonical\" href=\"https:\/\/asayag.co.il\/?page_id=2827&lang=fr\" \/>\n<meta property=\"og:locale\" content=\"he_IL\" \/>\n<meta property=\"og:type\" content=\"article\" \/>\n<meta property=\"og:title\" content=\"\u00c0 propos de nous - Asayag Entrepreneurship and Construction Ltd.\" \/>\n<meta property=\"og:description\" content=\"\u00c0 propos de nous | We are a boutique group, specializing in housing projects at the heart of Tel Aviv | Asayag Entrepreneurship and Construction Ltd.\" \/>\n<meta property=\"og:url\" content=\"https:\/\/asayag.co.il\/?page_id=2827&amp;lang=fr\" \/>\n<meta property=\"og:site_name\" content=\"\u05d0\u05e1\u05d9\u05d0\u05d2 \u05d9\u05d6\u05de\u05d5\u05ea \u05d5\u05d1\u05e0\u05d9\u05d9\u05d4 \u05d1\u05e2&quot;\u05de\" \/>\n<meta property=\"article:modified_time\" content=\"2025-02-09T14:41:59+00:00\" \/>\n<meta property=\"og:image\" content=\"https:\/\/asayag.co.il\/wp-content\/uploads\/2024\/05\/img-about_page.webp\" \/>\n\t<meta property=\"og:image:width\" content=\"2440\" \/>\n\t<meta property=\"og:image:height\" content=\"1324\" \/>\n\t<meta property=\"og:image:type\" content=\"image\/webp\" \/>\n<meta name=\"twitter:card\" content=\"summary_large_image\" \/>\n<meta name=\"twitter:title\" content=\"\u00c0 propos de nous - \u05d0\u05e1\u05d9\u05d0\u05d2 \u05d9\u05d6\u05de\u05d5\u05ea \u05d5\u05d1\u05e0\u05d9\u05d9\u05d4 \u05d1\u05e2&quot;\u05de\" \/>\n<meta name=\"twitter:description\" content=\"\u00c0 propos de nous | \u05d0\u05e0\u05d5 \u05e7\u05d1\u05d5\u05e6\u05ea \u05d1\u05d5\u05d8\u05d9\u05e7 \u05d4\u05de\u05ea\u05de\u05d7\u05d4 \u05d1\u05e4\u05e8\u05d5\u05d9\u05e7\u05d8\u05d9\u05dd \u05dc\u05de\u05d2\u05d5\u05e8\u05d9\u05dd \u05d1\u05dc\u05d1 \u05ea\u05dc-\u05d0\u05d1\u05d9\u05d1,\u05d1\u05e2\u05dc\u05d9 \u05e0\u05d9\u05e1\u05d9\u05d5\u05df \u05e9\u05dc 30 \u05e9\u05e0\u05d4 \u05d1\u05ea\u05d7\u05d5\u05dd \u05d4\u05d9\u05d6\u05de\u05d5\u05ea \u05d5\u05d4\u05d1\u05e0\u05d9\u05d9\u05d4 | \u05d0\u05e1\u05d9\u05d0\u05d2 \u05d9\u05d6\u05de\u05d5\u05ea \u05d5\u05d1\u05e0\u05d9\u05d9\u05d4 \u05d1\u05e2&quot;\u05de\" \/>\n<meta name=\"twitter:label1\" content=\"\u05d6\u05de\u05df \u05e7\u05e8\u05d9\u05d0\u05d4 \u05de\u05d5\u05e2\u05e8\u05da\" \/>\n\t<meta name=\"twitter:data1\" content=\"3 \u05d3\u05e7\u05d5\u05ea\" \/>\n<script type=\"application\/ld+json\" class=\"yoast-schema-graph\">{\"@context\":\"https:\/\/schema.org\",\"@graph\":[{\"@type\":\"WebPage\",\"@id\":\"https:\/\/asayag.co.il\/?page_id=2827&lang=fr\",\"url\":\"https:\/\/asayag.co.il\/?page_id=2827&lang=fr\",\"name\":\"\u00c0 propos de nous | Assayag Promotion et Construction Ltd.\",\"isPartOf\":{\"@id\":\"https:\/\/asayag.co.il\/#website\"},\"primaryImageOfPage\":{\"@id\":\"https:\/\/asayag.co.il\/?page_id=2827&lang=fr#primaryimage\"},\"image\":{\"@id\":\"https:\/\/asayag.co.il\/?page_id=2827&lang=fr#primaryimage\"},\"thumbnailUrl\":\"https:\/\/asayag.co.il\/wp-content\/uploads\/2024\/05\/img-about_page.webp\",\"datePublished\":\"2024-12-19T06:56:06+00:00\",\"dateModified\":\"2025-02-09T14:41:59+00:00\",\"description\":\"La soci\u00e9t\u00e9 Assayag Promotion et Construction Ltd r\u00e9alise des projets r\u00e9sidentiels au c\u0153ur de Tel-Aviv, avec 30 ans d'exp\u00e9rience.\",\"breadcrumb\":{\"@id\":\"https:\/\/asayag.co.il\/?page_id=2827&lang=fr#breadcrumb\"},\"inLanguage\":\"he-IL\",\"potentialAction\":[{\"@type\":\"ReadAction\",\"target\":[\"https:\/\/asayag.co.il\/?page_id=2827&lang=fr\"]}]},{\"@type\":\"ImageObject\",\"inLanguage\":\"he-IL\",\"@id\":\"https:\/\/asayag.co.il\/?page_id=2827&lang=fr#primaryimage\",\"url\":\"https:\/\/asayag.co.il\/wp-content\/uploads\/2024\/05\/img-about_page.webp\",\"contentUrl\":\"https:\/\/asayag.co.il\/wp-content\/uploads\/2024\/05\/img-about_page.webp\",\"width\":2440,\"height\":1324},{\"@type\":\"BreadcrumbList\",\"@id\":\"https:\/\/asayag.co.il\/?page_id=2827&lang=fr#breadcrumb\",\"itemListElement\":[{\"@type\":\"ListItem\",\"position\":1,\"name\":\"\u05d3\u05e3 \u05d4\u05d1\u05d9\u05ea\",\"item\":\"https:\/\/asayag.co.il\/\"},{\"@type\":\"ListItem\",\"position\":2,\"name\":\"\u00c0 propos de nous\"}]},{\"@type\":\"WebSite\",\"@id\":\"https:\/\/asayag.co.il\/#website\",\"url\":\"https:\/\/asayag.co.il\/\",\"name\":\"\u05d0\u05e1\u05d9\u05d0\u05d2 \u05d9\u05d6\u05de\u05d5\u05ea \u05d5\u05d1\u05e0\u05d9\u05d9\u05d4 \u05d1\u05e2&quot;\u05de\",\"description\":\"\u05d0\u05e1\u05d9\u05d0\u05d2 \u05d9\u05d6\u05de\u05d5\u05ea \u05d5\u05d1\u05e0\u05d9\u05d9\u05d4 \u05d1\u05e2&quot;\u05de\",\"publisher\":{\"@id\":\"https:\/\/asayag.co.il\/#organization\"},\"potentialAction\":[{\"@type\":\"SearchAction\",\"target\":{\"@type\":\"EntryPoint\",\"urlTemplate\":\"https:\/\/asayag.co.il\/?s={search_term_string}\"},\"query-input\":{\"@type\":\"PropertyValueSpecification\",\"valueRequired\":true,\"valueName\":\"search_term_string\"}}],\"inLanguage\":\"he-IL\"},{\"@type\":\"Organization\",\"@id\":\"https:\/\/asayag.co.il\/#organization\",\"name\":\"\u05d0\u05e1\u05d9\u05d0\u05d2 \u05d9\u05d6\u05de\u05d5\u05ea \u05d5\u05d1\u05e0\u05d9\u05d9\u05d4 \u05d1\u05e2\\\"\u05de\",\"url\":\"https:\/\/asayag.co.il\/\",\"logo\":{\"@type\":\"ImageObject\",\"inLanguage\":\"he-IL\",\"@id\":\"https:\/\/asayag.co.il\/#\/schema\/logo\/image\/\",\"url\":\"https:\/\/asayag.co.il\/wp-content\/uploads\/2024\/06\/Group-77.jpg\",\"contentUrl\":\"https:\/\/asayag.co.il\/wp-content\/uploads\/2024\/06\/Group-77.jpg\",\"width\":875,\"height\":975,\"caption\":\"\u05d0\u05e1\u05d9\u05d0\u05d2 \u05d9\u05d6\u05de\u05d5\u05ea \u05d5\u05d1\u05e0\u05d9\u05d9\u05d4 \u05d1\u05e2\\\"\u05de\"},\"image\":{\"@id\":\"https:\/\/asayag.co.il\/#\/schema\/logo\/image\/\"}}]}<\/script>\n<!-- \/ Yoast SEO Premium plugin. -->","yoast_head_json":{"title":"\u00c0 propos de nous | Assayag Promotion et Construction Ltd.","description":"La soci\u00e9t\u00e9 Assayag Promotion et Construction Ltd r\u00e9alise des projets r\u00e9sidentiels au c\u0153ur de Tel-Aviv, avec 30 ans d'exp\u00e9rience.","robots":{"index":"index","follow":"follow","max-snippet":"max-snippet:-1","max-image-preview":"max-image-preview:large","max-video-preview":"max-video-preview:-1"},"canonical":"https:\/\/asayag.co.il\/?page_id=2827&lang=fr","og_locale":"he_IL","og_type":"article","og_title":"\u00c0 propos de nous - Asayag Entrepreneurship and Construction Ltd.","og_description":"\u00c0 propos de nous | We are a boutique group, specializing in housing projects at the heart of Tel Aviv | Asayag Entrepreneurship and Construction Ltd.","og_url":"https:\/\/asayag.co.il\/?page_id=2827&lang=fr","og_site_name":"\u05d0\u05e1\u05d9\u05d0\u05d2 \u05d9\u05d6\u05de\u05d5\u05ea \u05d5\u05d1\u05e0\u05d9\u05d9\u05d4 \u05d1\u05e2&quot;\u05de","article_modified_time":"2025-02-09T14:41:59+00:00","og_image":[{"width":2440,"height":1324,"url":"https:\/\/asayag.co.il\/wp-content\/uploads\/2024\/05\/img-about_page.webp","type":"image\/webp"}],"twitter_card":"summary_large_image","twitter_title":"\u00c0 propos de nous - \u05d0\u05e1\u05d9\u05d0\u05d2 \u05d9\u05d6\u05de\u05d5\u05ea \u05d5\u05d1\u05e0\u05d9\u05d9\u05d4 \u05d1\u05e2&quot;\u05de","twitter_description":"\u00c0 propos de nous | \u05d0\u05e0\u05d5 \u05e7\u05d1\u05d5\u05e6\u05ea \u05d1\u05d5\u05d8\u05d9\u05e7 \u05d4\u05de\u05ea\u05de\u05d7\u05d4 \u05d1\u05e4\u05e8\u05d5\u05d9\u05e7\u05d8\u05d9\u05dd \u05dc\u05de\u05d2\u05d5\u05e8\u05d9\u05dd \u05d1\u05dc\u05d1 \u05ea\u05dc-\u05d0\u05d1\u05d9\u05d1,\u05d1\u05e2\u05dc\u05d9 \u05e0\u05d9\u05e1\u05d9\u05d5\u05df \u05e9\u05dc 30 \u05e9\u05e0\u05d4 \u05d1\u05ea\u05d7\u05d5\u05dd \u05d4\u05d9\u05d6\u05de\u05d5\u05ea \u05d5\u05d4\u05d1\u05e0\u05d9\u05d9\u05d4 | \u05d0\u05e1\u05d9\u05d0\u05d2 \u05d9\u05d6\u05de\u05d5\u05ea \u05d5\u05d1\u05e0\u05d9\u05d9\u05d4 \u05d1\u05e2&quot;\u05de","twitter_misc":{"\u05d6\u05de\u05df \u05e7\u05e8\u05d9\u05d0\u05d4 \u05de\u05d5\u05e2\u05e8\u05da":"3 \u05d3\u05e7\u05d5\u05ea"},"schema":{"@context":"https:\/\/schema.org","@graph":[{"@type":"WebPage","@id":"https:\/\/asayag.co.il\/?page_id=2827&lang=fr","url":"https:\/\/asayag.co.il\/?page_id=2827&lang=fr","name":"\u00c0 propos de nous | Assayag Promotion et Construction Ltd.","isPartOf":{"@id":"https:\/\/asayag.co.il\/#website"},"primaryImageOfPage":{"@id":"https:\/\/asayag.co.il\/?page_id=2827&lang=fr#primaryimage"},"image":{"@id":"https:\/\/asayag.co.il\/?page_id=2827&lang=fr#primaryimage"},"thumbnailUrl":"https:\/\/asayag.co.il\/wp-content\/uploads\/2024\/05\/img-about_page.webp","datePublished":"2024-12-19T06:56:06+00:00","dateModified":"2025-02-09T14:41:59+00:00","description":"La soci\u00e9t\u00e9 Assayag Promotion et Construction Ltd r\u00e9alise des projets r\u00e9sidentiels au c\u0153ur de Tel-Aviv, avec 30 ans d'exp\u00e9rience.","breadcrumb":{"@id":"https:\/\/asayag.co.il\/?page_id=2827&lang=fr#breadcrumb"},"inLanguage":"he-IL","potentialAction":[{"@type":"ReadAction","target":["https:\/\/asayag.co.il\/?page_id=2827&lang=fr"]}]},{"@type":"ImageObject","inLanguage":"he-IL","@id":"https:\/\/asayag.co.il\/?page_id=2827&lang=fr#primaryimage","url":"https:\/\/asayag.co.il\/wp-content\/uploads\/2024\/05\/img-about_page.webp","contentUrl":"https:\/\/asayag.co.il\/wp-content\/uploads\/2024\/05\/img-about_page.webp","width":2440,"height":1324},{"@type":"BreadcrumbList","@id":"https:\/\/asayag.co.il\/?page_id=2827&lang=fr#breadcrumb","itemListElement":[{"@type":"ListItem","position":1,"name":"\u05d3\u05e3 \u05d4\u05d1\u05d9\u05ea","item":"https:\/\/asayag.co.il\/"},{"@type":"ListItem","position":2,"name":"\u00c0 propos de nous"}]},{"@type":"WebSite","@id":"https:\/\/asayag.co.il\/#website","url":"https:\/\/asayag.co.il\/","name":"\u05d0\u05e1\u05d9\u05d0\u05d2 \u05d9\u05d6\u05de\u05d5\u05ea \u05d5\u05d1\u05e0\u05d9\u05d9\u05d4 \u05d1\u05e2&quot;\u05de","description":"\u05d0\u05e1\u05d9\u05d0\u05d2 \u05d9\u05d6\u05de\u05d5\u05ea \u05d5\u05d1\u05e0\u05d9\u05d9\u05d4 \u05d1\u05e2&quot;\u05de","publisher":{"@id":"https:\/\/asayag.co.il\/#organization"},"potentialAction":[{"@type":"SearchAction","target":{"@type":"EntryPoint","urlTemplate":"https:\/\/asayag.co.il\/?s={search_term_string}"},"query-input":{"@type":"PropertyValueSpecification","valueRequired":true,"valueName":"search_term_string"}}],"inLanguage":"he-IL"},{"@type":"Organization","@id":"https:\/\/asayag.co.il\/#organization","name":"\u05d0\u05e1\u05d9\u05d0\u05d2 \u05d9\u05d6\u05de\u05d5\u05ea \u05d5\u05d1\u05e0\u05d9\u05d9\u05d4 \u05d1\u05e2\"\u05de","url":"https:\/\/asayag.co.il\/","logo":{"@type":"ImageObject","inLanguage":"he-IL","@id":"https:\/\/asayag.co.il\/#\/schema\/logo\/image\/","url":"https:\/\/asayag.co.il\/wp-content\/uploads\/2024\/06\/Group-77.jpg","contentUrl":"https:\/\/asayag.co.il\/wp-content\/uploads\/2024\/06\/Group-77.jpg","width":875,"height":975,"caption":"\u05d0\u05e1\u05d9\u05d0\u05d2 \u05d9\u05d6\u05de\u05d5\u05ea \u05d5\u05d1\u05e0\u05d9\u05d9\u05d4 \u05d1\u05e2\"\u05de"},"image":{"@id":"https:\/\/asayag.co.il\/#\/schema\/logo\/image\/"}}]}},"lang":"fr","translations":{"fr":2827,"en":2386,"he":143},"pll_sync_post":[],"_links":{"self":[{"href":"https:\/\/asayag.co.il\/index.php?rest_route=\/wp\/v2\/pages\/2827","targetHints":{"allow":["GET"]}}],"collection":[{"href":"https:\/\/asayag.co.il\/index.php?rest_route=\/wp\/v2\/pages"}],"about":[{"href":"https:\/\/asayag.co.il\/index.php?rest_route=\/wp\/v2\/types\/page"}],"author":[{"embeddable":true,"href":"https:\/\/asayag.co.il\/index.php?rest_route=\/wp\/v2\/users\/1"}],"replies":[{"embeddable":true,"href":"https:\/\/asayag.co.il\/index.php?rest_route=%2Fwp%2Fv2%2Fcomments&post=2827"}],"version-history":[{"count":7,"href":"https:\/\/asayag.co.il\/index.php?rest_route=\/wp\/v2\/pages\/2827\/revisions"}],"predecessor-version":[{"id":3030,"href":"https:\/\/asayag.co.il\/index.php?rest_route=\/wp\/v2\/pages\/2827\/revisions\/3030"}],"wp:attachment":[{"href":"https:\/\/asayag.co.il\/index.php?rest_route=%2Fwp%2Fv2%2Fmedia&parent=2827"}],"curies":[{"name":"wp","href":"https:\/\/api.w.org\/{rel}","templated":true}]}}