{"id":2840,"date":"2024-12-19T09:06:06","date_gmt":"2024-12-19T07:06:06","guid":{"rendered":"https:\/\/asayag.co.il\/?page_id=2840"},"modified":"2024-12-19T09:06:47","modified_gmt":"2024-12-19T07:06:47","slug":"declaration-daccessibilite","status":"publish","type":"page","link":"https:\/\/asayag.co.il\/?page_id=2840&lang=fr","title":{"rendered":"D\u00e9claration d'accessibilit\u00e9"},"content":{"rendered":"\t\t<div data-elementor-type=\"wp-page\" data-elementor-id=\"2840\" class=\"elementor elementor-2840\" data-elementor-post-type=\"page\">\n\t\t\t\t<div class=\"elementor-element elementor-element-65cb1cb e-flex e-con-boxed e-con e-parent\" data-id=\"65cb1cb\" data-element_type=\"container\" data-e-type=\"container\" data-settings=\"{&quot;background_background&quot;:&quot;classic&quot;}\">\n\t\t\t\t\t<div class=\"e-con-inner\">\n\t\t\t\t<div class=\"elementor-element elementor-element-a2f52e7 elementor-widget elementor-widget-heading\" data-id=\"a2f52e7\" data-element_type=\"widget\" data-e-type=\"widget\" data-widget_type=\"heading.default\">\n\t\t\t\t<div class=\"elementor-widget-container\">\n\t\t\t\t\t<h2 class=\"elementor-heading-title elementor-size-default\">D\u00e9claration d'accessibilit\u00e9<\/h2>\t\t\t\t<\/div>\n\t\t\t\t<\/div>\n\t\t\t\t\t<\/div>\n\t\t\t\t<\/div>\n\t\t<div class=\"elementor-element elementor-element-2377a91 e-flex e-con-boxed e-con e-parent\" data-id=\"2377a91\" data-element_type=\"container\" data-e-type=\"container\">\n\t\t\t\t\t<div class=\"e-con-inner\">\n\t\t\t\t<div class=\"elementor-element elementor-element-f940fda elementor-widget elementor-widget-text-editor\" data-id=\"f940fda\" data-element_type=\"widget\" data-e-type=\"widget\" data-widget_type=\"text-editor.default\">\n\t\t\t\t<div class=\"elementor-widget-container\">\n\t\t\t\t\t\t\t\t\t<p><b>Derni\u00e8re mise \u00e0 jour : 14\/07\/2024<\/b><\/p><p>Nous, le Groupe Assayag, initiateur et r\u00e9alisateur de projets immobiliers, nous engageons \u00e0 rendre notre organisation et notre site internet accessibles aux personnes en situation de handicap, afin de promouvoir l'\u00e9galit\u00e9 des droits et la transparence.<\/p><h3>Qu\u2019est-ce qu\u2019un site internet accessible ?<\/h3><p>Un site internet accessible permet \u00e0 une personne en situation de handicap de naviguer avec le m\u00eame niveau d'efficacit\u00e9 et de plaisir que tout autre utilisateur, gr\u00e2ce aux capacit\u00e9s du syst\u00e8me utilis\u00e9 et aux technologies d\u2019assistance \u00e0 l\u2019accessibilit\u00e9.<\/p><h2>Adaptations d'accessibilit\u00e9 sur le site internet<\/h2><p>Les adaptations d'accessibilit\u00e9 du site ont \u00e9t\u00e9 r\u00e9alis\u00e9es conform\u00e9ment \u00e0 la section C : Services Internet des r\u00e8glements sur l'\u00e9galit\u00e9 des droits des personnes handicap\u00e9es (adaptations d'accessibilit\u00e9 aux services) de 2013, selon la norme isra\u00e9lienne SI 5568 bas\u00e9e sur les directives WCAG 2.0.<br \/>Le site a \u00e9t\u00e9 rendu accessible \u00e0 l'aide du module &quot;Enable&quot; et conform\u00e9ment aux modifications et ajustements r\u00e9alis\u00e9s dans le document de la norme isra\u00e9lienne.<\/p><p>Le site prend en charge les technologies d'assistance, telles que les logiciels de lecture d'\u00e9cran, ainsi que la navigation par clavier gr\u00e2ce aux touches Tab et Shift+Tab pour passer d\u2019un lien \u00e0 un autre, les fl\u00e8ches directionnelles, la touche Entr\u00e9e pour s\u00e9lectionner, la touche \u00c9chap pour quitter les menus et fen\u00eatres, et les touches H ou chiffres pour passer d\u2019un titre \u00e0 l\u2019autre.<\/p><p>Le site est r\u00e9guli\u00e8rement v\u00e9rifi\u00e9 pour garantir le maintien de son accessibilit\u00e9, et nous \u0153uvrons continuellement \u00e0 l\u2019am\u00e9lioration de cette derni\u00e8re. Pour tout retour ou question, n'h\u00e9sitez pas \u00e0 nous contacter \u00e0 l'adresse : office@asayag.co.il<\/p><h3>Navigation optimale et accessible sur le site<\/h3><p>Ce site est con\u00e7u pour une navigation optimale et accessible \u00e0 l'aide des navigateurs courants. Nous recommandons d'utiliser les navigateurs suivants : Firefox, Opera, Safari, Lynx, Edge ou Chrome, ainsi que les logiciels de lecture d'\u00e9cran NVDA, Jaws ou VoiceOver.<\/p><h3>Am\u00e9nagements d\u2019accessibilit\u00e9 dans nos bureaux<\/h3><ul><li aria-level=\"1\">Nos bureaux sont situ\u00e9s \u00e0 proximit\u00e9 de la ligne de tramway (station Yehuda Halevi) et de lignes de transport en commun.<\/li><li aria-level=\"1\">Veuillez nous contacter \u00e0 l\u2019avance pour toute assistance pour monter les marches \u00e0 l\u2019entr\u00e9e de l\u2019immeuble, afin que notre \u00e9quipe d\u2019accessibilit\u00e9 soit disponible pour vous aider.<\/li><li aria-level=\"1\">Ascenseur accessible.<\/li><li aria-level=\"1\">Contactez-nous \u00e0 l\u2019avance pour garantir un acc\u00e8s maximal \u00e0 l\u2019entr\u00e9e de notre b\u00e2timent.<\/li><\/ul><h3>Contact pour demandes, probl\u00e8mes d\u2019accessibilit\u00e9 et suggestions d\u2019am\u00e9lioration<\/h3><p>Si vous constatez un probl\u00e8me d\u2019accessibilit\u00e9 sur notre site ou avez besoin d\u2019aide, vous pouvez contacter le r\u00e9f\u00e9rent accessibilit\u00e9 de notre organisation.<\/p>\t\t\t\t\t\t\t\t<\/div>\n\t\t\t\t<\/div>\n\t\t\t\t\t<\/div>\n\t\t\t\t<\/div>\n\t\t\t\t<\/div>\n\t\t","protected":false},"excerpt":{"rendered":"<p>Derni\u00e8re mise \u00e0 jour : 14\/07\/2024 Nous, le Groupe Assayag, initiateur et r\u00e9alisateur de projets immobiliers, nous engageons \u00e0 rendre notre organisation et notre site internet accessibles aux personnes en situation de handicap, afin de promouvoir l'\u00e9galit\u00e9 des droits et la transparence. Qu\u2019est-ce qu\u2019un site internet accessible ? Un site internet accessible permet \u00e0 une [&hellip;]<\/p>\n","protected":false},"author":1,"featured_media":0,"parent":0,"menu_order":0,"comment_status":"closed","ping_status":"closed","template":"","meta":{"footnotes":""},"class_list":["post-2840","page","type-page","status-publish","hentry"],"yoast_head":"<!-- This site is optimized with the Yoast SEO Premium plugin v18.7 (Yoast SEO v27.0) - https:\/\/yoast.com\/product\/yoast-seo-premium-wordpress\/ -->\n<title>D\u00e9claration d&#039;accessibilit\u00e9 | Assayag Promotion et Construction Ltd.<\/title>\n<meta name=\"description\" content=\"La soci\u00e9t\u00e9 Assayag Promotion et Construction Ltd r\u00e9alise des projets r\u00e9sidentiels au c\u0153ur de Tel-Aviv, avec 30 ans d&#039;exp\u00e9rience.\" \/>\n<meta name=\"robots\" content=\"index, follow, max-snippet:-1, max-image-preview:large, max-video-preview:-1\" \/>\n<link rel=\"canonical\" href=\"https:\/\/asayag.co.il\/?page_id=2840&lang=fr\" \/>\n<meta property=\"og:locale\" content=\"he_IL\" \/>\n<meta property=\"og:type\" content=\"article\" \/>\n<meta property=\"og:title\" content=\"D\u00e9claration d&#039;accessibilit\u00e9 - Asayag Entrepreneurship and Construction Ltd.\" \/>\n<meta property=\"og:description\" content=\"D\u00e9claration d&#039;accessibilit\u00e9 | We are a boutique group, specializing in housing projects at the heart of Tel Aviv | Asayag Entrepreneurship and Construction Ltd.\" \/>\n<meta property=\"og:url\" content=\"https:\/\/asayag.co.il\/?page_id=2840&amp;lang=fr\" \/>\n<meta property=\"og:site_name\" content=\"\u05d0\u05e1\u05d9\u05d0\u05d2 \u05d9\u05d6\u05de\u05d5\u05ea \u05d5\u05d1\u05e0\u05d9\u05d9\u05d4 \u05d1\u05e2&quot;\u05de\" \/>\n<meta property=\"article:modified_time\" content=\"2024-12-19T07:06:47+00:00\" \/>\n<meta property=\"og:image\" content=\"https:\/\/asayag.co.il\/wp-content\/uploads\/2024\/06\/Group-77.jpg\" \/>\n\t<meta property=\"og:image:width\" content=\"875\" \/>\n\t<meta property=\"og:image:height\" content=\"975\" \/>\n\t<meta property=\"og:image:type\" content=\"image\/jpeg\" \/>\n<meta name=\"twitter:card\" content=\"summary_large_image\" \/>\n<meta name=\"twitter:title\" content=\"D\u00e9claration d&#039;accessibilit\u00e9 - \u05d0\u05e1\u05d9\u05d0\u05d2 \u05d9\u05d6\u05de\u05d5\u05ea \u05d5\u05d1\u05e0\u05d9\u05d9\u05d4 \u05d1\u05e2&quot;\u05de\" \/>\n<meta name=\"twitter:description\" content=\"D\u00e9claration d&#039;accessibilit\u00e9 | \u05d0\u05e0\u05d5 \u05e7\u05d1\u05d5\u05e6\u05ea \u05d1\u05d5\u05d8\u05d9\u05e7 \u05d4\u05de\u05ea\u05de\u05d7\u05d4 \u05d1\u05e4\u05e8\u05d5\u05d9\u05e7\u05d8\u05d9\u05dd \u05dc\u05de\u05d2\u05d5\u05e8\u05d9\u05dd \u05d1\u05dc\u05d1 \u05ea\u05dc-\u05d0\u05d1\u05d9\u05d1,\u05d1\u05e2\u05dc\u05d9 \u05e0\u05d9\u05e1\u05d9\u05d5\u05df \u05e9\u05dc 30 \u05e9\u05e0\u05d4 \u05d1\u05ea\u05d7\u05d5\u05dd \u05d4\u05d9\u05d6\u05de\u05d5\u05ea \u05d5\u05d4\u05d1\u05e0\u05d9\u05d9\u05d4 | \u05d0\u05e1\u05d9\u05d0\u05d2 \u05d9\u05d6\u05de\u05d5\u05ea \u05d5\u05d1\u05e0\u05d9\u05d9\u05d4 \u05d1\u05e2&quot;\u05de\" \/>\n<meta name=\"twitter:label1\" content=\"\u05d6\u05de\u05df \u05e7\u05e8\u05d9\u05d0\u05d4 \u05de\u05d5\u05e2\u05e8\u05da\" \/>\n\t<meta name=\"twitter:data1\" content=\"3 \u05d3\u05e7\u05d5\u05ea\" \/>\n<script type=\"application\/ld+json\" class=\"yoast-schema-graph\">{\"@context\":\"https:\/\/schema.org\",\"@graph\":[{\"@type\":\"WebPage\",\"@id\":\"https:\/\/asayag.co.il\/?page_id=2840&lang=fr\",\"url\":\"https:\/\/asayag.co.il\/?page_id=2840&lang=fr\",\"name\":\"D\u00e9claration d'accessibilit\u00e9 | Assayag Promotion et Construction Ltd.\",\"isPartOf\":{\"@id\":\"https:\/\/asayag.co.il\/#website\"},\"datePublished\":\"2024-12-19T07:06:06+00:00\",\"dateModified\":\"2024-12-19T07:06:47+00:00\",\"description\":\"La soci\u00e9t\u00e9 Assayag Promotion et Construction Ltd r\u00e9alise des projets r\u00e9sidentiels au c\u0153ur de Tel-Aviv, avec 30 ans d'exp\u00e9rience.\",\"breadcrumb\":{\"@id\":\"https:\/\/asayag.co.il\/?page_id=2840&lang=fr#breadcrumb\"},\"inLanguage\":\"he-IL\",\"potentialAction\":[{\"@type\":\"ReadAction\",\"target\":[\"https:\/\/asayag.co.il\/?page_id=2840&lang=fr\"]}]},{\"@type\":\"BreadcrumbList\",\"@id\":\"https:\/\/asayag.co.il\/?page_id=2840&lang=fr#breadcrumb\",\"itemListElement\":[{\"@type\":\"ListItem\",\"position\":1,\"name\":\"\u05d3\u05e3 \u05d4\u05d1\u05d9\u05ea\",\"item\":\"https:\/\/asayag.co.il\/\"},{\"@type\":\"ListItem\",\"position\":2,\"name\":\"D\u00e9claration d'accessibilit\u00e9\"}]},{\"@type\":\"WebSite\",\"@id\":\"https:\/\/asayag.co.il\/#website\",\"url\":\"https:\/\/asayag.co.il\/\",\"name\":\"\u05d0\u05e1\u05d9\u05d0\u05d2 \u05d9\u05d6\u05de\u05d5\u05ea \u05d5\u05d1\u05e0\u05d9\u05d9\u05d4 \u05d1\u05e2&quot;\u05de\",\"description\":\"\u05d0\u05e1\u05d9\u05d0\u05d2 \u05d9\u05d6\u05de\u05d5\u05ea \u05d5\u05d1\u05e0\u05d9\u05d9\u05d4 \u05d1\u05e2&quot;\u05de\",\"publisher\":{\"@id\":\"https:\/\/asayag.co.il\/#organization\"},\"potentialAction\":[{\"@type\":\"SearchAction\",\"target\":{\"@type\":\"EntryPoint\",\"urlTemplate\":\"https:\/\/asayag.co.il\/?s={search_term_string}\"},\"query-input\":{\"@type\":\"PropertyValueSpecification\",\"valueRequired\":true,\"valueName\":\"search_term_string\"}}],\"inLanguage\":\"he-IL\"},{\"@type\":\"Organization\",\"@id\":\"https:\/\/asayag.co.il\/#organization\",\"name\":\"\u05d0\u05e1\u05d9\u05d0\u05d2 \u05d9\u05d6\u05de\u05d5\u05ea \u05d5\u05d1\u05e0\u05d9\u05d9\u05d4 \u05d1\u05e2\\\"\u05de\",\"url\":\"https:\/\/asayag.co.il\/\",\"logo\":{\"@type\":\"ImageObject\",\"inLanguage\":\"he-IL\",\"@id\":\"https:\/\/asayag.co.il\/#\/schema\/logo\/image\/\",\"url\":\"https:\/\/asayag.co.il\/wp-content\/uploads\/2024\/06\/Group-77.jpg\",\"contentUrl\":\"https:\/\/asayag.co.il\/wp-content\/uploads\/2024\/06\/Group-77.jpg\",\"width\":875,\"height\":975,\"caption\":\"\u05d0\u05e1\u05d9\u05d0\u05d2 \u05d9\u05d6\u05de\u05d5\u05ea \u05d5\u05d1\u05e0\u05d9\u05d9\u05d4 \u05d1\u05e2\\\"\u05de\"},\"image\":{\"@id\":\"https:\/\/asayag.co.il\/#\/schema\/logo\/image\/\"}}]}<\/script>\n<!-- \/ Yoast SEO Premium plugin. -->","yoast_head_json":{"title":"D\u00e9claration d'accessibilit\u00e9 | Assayag Promotion et Construction Ltd.","description":"La soci\u00e9t\u00e9 Assayag Promotion et Construction Ltd r\u00e9alise des projets r\u00e9sidentiels au c\u0153ur de Tel-Aviv, avec 30 ans d'exp\u00e9rience.","robots":{"index":"index","follow":"follow","max-snippet":"max-snippet:-1","max-image-preview":"max-image-preview:large","max-video-preview":"max-video-preview:-1"},"canonical":"https:\/\/asayag.co.il\/?page_id=2840&lang=fr","og_locale":"he_IL","og_type":"article","og_title":"D\u00e9claration d'accessibilit\u00e9 - Asayag Entrepreneurship and Construction Ltd.","og_description":"D\u00e9claration d'accessibilit\u00e9 | We are a boutique group, specializing in housing projects at the heart of Tel Aviv | Asayag Entrepreneurship and Construction Ltd.","og_url":"https:\/\/asayag.co.il\/?page_id=2840&lang=fr","og_site_name":"\u05d0\u05e1\u05d9\u05d0\u05d2 \u05d9\u05d6\u05de\u05d5\u05ea \u05d5\u05d1\u05e0\u05d9\u05d9\u05d4 \u05d1\u05e2&quot;\u05de","article_modified_time":"2024-12-19T07:06:47+00:00","og_image":[{"width":875,"height":975,"url":"https:\/\/asayag.co.il\/wp-content\/uploads\/2024\/06\/Group-77.jpg","type":"image\/jpeg"}],"twitter_card":"summary_large_image","twitter_title":"D\u00e9claration d'accessibilit\u00e9 - \u05d0\u05e1\u05d9\u05d0\u05d2 \u05d9\u05d6\u05de\u05d5\u05ea \u05d5\u05d1\u05e0\u05d9\u05d9\u05d4 \u05d1\u05e2&quot;\u05de","twitter_description":"D\u00e9claration d'accessibilit\u00e9 | \u05d0\u05e0\u05d5 \u05e7\u05d1\u05d5\u05e6\u05ea \u05d1\u05d5\u05d8\u05d9\u05e7 \u05d4\u05de\u05ea\u05de\u05d7\u05d4 \u05d1\u05e4\u05e8\u05d5\u05d9\u05e7\u05d8\u05d9\u05dd \u05dc\u05de\u05d2\u05d5\u05e8\u05d9\u05dd \u05d1\u05dc\u05d1 \u05ea\u05dc-\u05d0\u05d1\u05d9\u05d1,\u05d1\u05e2\u05dc\u05d9 \u05e0\u05d9\u05e1\u05d9\u05d5\u05df \u05e9\u05dc 30 \u05e9\u05e0\u05d4 \u05d1\u05ea\u05d7\u05d5\u05dd \u05d4\u05d9\u05d6\u05de\u05d5\u05ea \u05d5\u05d4\u05d1\u05e0\u05d9\u05d9\u05d4 | \u05d0\u05e1\u05d9\u05d0\u05d2 \u05d9\u05d6\u05de\u05d5\u05ea \u05d5\u05d1\u05e0\u05d9\u05d9\u05d4 \u05d1\u05e2&quot;\u05de","twitter_misc":{"\u05d6\u05de\u05df \u05e7\u05e8\u05d9\u05d0\u05d4 \u05de\u05d5\u05e2\u05e8\u05da":"3 \u05d3\u05e7\u05d5\u05ea"},"schema":{"@context":"https:\/\/schema.org","@graph":[{"@type":"WebPage","@id":"https:\/\/asayag.co.il\/?page_id=2840&lang=fr","url":"https:\/\/asayag.co.il\/?page_id=2840&lang=fr","name":"D\u00e9claration d'accessibilit\u00e9 | Assayag Promotion et Construction Ltd.","isPartOf":{"@id":"https:\/\/asayag.co.il\/#website"},"datePublished":"2024-12-19T07:06:06+00:00","dateModified":"2024-12-19T07:06:47+00:00","description":"La soci\u00e9t\u00e9 Assayag Promotion et Construction Ltd r\u00e9alise des projets r\u00e9sidentiels au c\u0153ur de Tel-Aviv, avec 30 ans d'exp\u00e9rience.","breadcrumb":{"@id":"https:\/\/asayag.co.il\/?page_id=2840&lang=fr#breadcrumb"},"inLanguage":"he-IL","potentialAction":[{"@type":"ReadAction","target":["https:\/\/asayag.co.il\/?page_id=2840&lang=fr"]}]},{"@type":"BreadcrumbList","@id":"https:\/\/asayag.co.il\/?page_id=2840&lang=fr#breadcrumb","itemListElement":[{"@type":"ListItem","position":1,"name":"\u05d3\u05e3 \u05d4\u05d1\u05d9\u05ea","item":"https:\/\/asayag.co.il\/"},{"@type":"ListItem","position":2,"name":"D\u00e9claration d'accessibilit\u00e9"}]},{"@type":"WebSite","@id":"https:\/\/asayag.co.il\/#website","url":"https:\/\/asayag.co.il\/","name":"\u05d0\u05e1\u05d9\u05d0\u05d2 \u05d9\u05d6\u05de\u05d5\u05ea \u05d5\u05d1\u05e0\u05d9\u05d9\u05d4 \u05d1\u05e2&quot;\u05de","description":"\u05d0\u05e1\u05d9\u05d0\u05d2 \u05d9\u05d6\u05de\u05d5\u05ea \u05d5\u05d1\u05e0\u05d9\u05d9\u05d4 \u05d1\u05e2&quot;\u05de","publisher":{"@id":"https:\/\/asayag.co.il\/#organization"},"potentialAction":[{"@type":"SearchAction","target":{"@type":"EntryPoint","urlTemplate":"https:\/\/asayag.co.il\/?s={search_term_string}"},"query-input":{"@type":"PropertyValueSpecification","valueRequired":true,"valueName":"search_term_string"}}],"inLanguage":"he-IL"},{"@type":"Organization","@id":"https:\/\/asayag.co.il\/#organization","name":"\u05d0\u05e1\u05d9\u05d0\u05d2 \u05d9\u05d6\u05de\u05d5\u05ea \u05d5\u05d1\u05e0\u05d9\u05d9\u05d4 \u05d1\u05e2\"\u05de","url":"https:\/\/asayag.co.il\/","logo":{"@type":"ImageObject","inLanguage":"he-IL","@id":"https:\/\/asayag.co.il\/#\/schema\/logo\/image\/","url":"https:\/\/asayag.co.il\/wp-content\/uploads\/2024\/06\/Group-77.jpg","contentUrl":"https:\/\/asayag.co.il\/wp-content\/uploads\/2024\/06\/Group-77.jpg","width":875,"height":975,"caption":"\u05d0\u05e1\u05d9\u05d0\u05d2 \u05d9\u05d6\u05de\u05d5\u05ea \u05d5\u05d1\u05e0\u05d9\u05d9\u05d4 \u05d1\u05e2\"\u05de"},"image":{"@id":"https:\/\/asayag.co.il\/#\/schema\/logo\/image\/"}}]}},"lang":"fr","translations":{"fr":2840,"en":2496,"he":2136},"pll_sync_post":[],"_links":{"self":[{"href":"https:\/\/asayag.co.il\/index.php?rest_route=\/wp\/v2\/pages\/2840","targetHints":{"allow":["GET"]}}],"collection":[{"href":"https:\/\/asayag.co.il\/index.php?rest_route=\/wp\/v2\/pages"}],"about":[{"href":"https:\/\/asayag.co.il\/index.php?rest_route=\/wp\/v2\/types\/page"}],"author":[{"embeddable":true,"href":"https:\/\/asayag.co.il\/index.php?rest_route=\/wp\/v2\/users\/1"}],"replies":[{"embeddable":true,"href":"https:\/\/asayag.co.il\/index.php?rest_route=%2Fwp%2Fv2%2Fcomments&post=2840"}],"version-history":[{"count":4,"href":"https:\/\/asayag.co.il\/index.php?rest_route=\/wp\/v2\/pages\/2840\/revisions"}],"predecessor-version":[{"id":2844,"href":"https:\/\/asayag.co.il\/index.php?rest_route=\/wp\/v2\/pages\/2840\/revisions\/2844"}],"wp:attachment":[{"href":"https:\/\/asayag.co.il\/index.php?rest_route=%2Fwp%2Fv2%2Fmedia&parent=2840"}],"curies":[{"name":"wp","href":"https:\/\/api.w.org\/{rel}","templated":true}]}}